{"id":792,"date":"2024-02-08T09:47:35","date_gmt":"2024-02-08T08:47:35","guid":{"rendered":"https:\/\/tanzanya.fr\/accueil\/?page_id=792"},"modified":"2024-05-01T15:31:06","modified_gmt":"2024-05-01T13:31:06","slug":"informations","status":"publish","type":"page","link":"https:\/\/tanzanya.fr\/accueil\/?page_id=792","title":{"rendered":"Informations"},"content":{"rendered":"\t\t<div data-elementor-type=\"wp-page\" data-elementor-id=\"792\" class=\"elementor elementor-792\">\n\t\t\t\t<div class=\"elementor-element elementor-element-7f9b874 e-flex e-con-boxed e-con e-parent\" data-id=\"7f9b874\" data-element_type=\"container\">\n\t\t\t\t\t<div class=\"e-con-inner\">\n\t\t\t\t<div class=\"elementor-element elementor-element-5f1fdec elementor-widget__width-initial elementor-widget elementor-widget-text-editor\" data-id=\"5f1fdec\" data-element_type=\"widget\" data-widget_type=\"text-editor.default\">\n\t\t\t\t<div class=\"elementor-widget-container\">\n\t\t\t<style>\/*! elementor - v3.21.0 - 26-05-2024 *\/\n.elementor-widget-text-editor.elementor-drop-cap-view-stacked .elementor-drop-cap{background-color:#69727d;color:#fff}.elementor-widget-text-editor.elementor-drop-cap-view-framed .elementor-drop-cap{color:#69727d;border:3px solid;background-color:transparent}.elementor-widget-text-editor:not(.elementor-drop-cap-view-default) .elementor-drop-cap{margin-top:8px}.elementor-widget-text-editor:not(.elementor-drop-cap-view-default) .elementor-drop-cap-letter{width:1em;height:1em}.elementor-widget-text-editor .elementor-drop-cap{float:left;text-align:center;line-height:1;font-size:50px}.elementor-widget-text-editor .elementor-drop-cap-letter{display:inline-block}<\/style>\t\t\t\t<h1 style=\"text-align: center;\">Informations<\/h1>\t\t\t\t\t\t<\/div>\n\t\t\t\t<\/div>\n\t\t\t\t\t<\/div>\n\t\t\t\t<\/div>\n\t\t<div class=\"elementor-element elementor-element-41c1470 e-flex e-con-boxed e-con e-parent\" data-id=\"41c1470\" data-element_type=\"container\">\n\t\t\t\t\t<div class=\"e-con-inner\">\n\t\t\t\t<div class=\"elementor-element elementor-element-6a6fe0f elementor-widget elementor-widget-text-editor\" data-id=\"6a6fe0f\" data-element_type=\"widget\" data-widget_type=\"text-editor.default\">\n\t\t\t\t<div class=\"elementor-widget-container\">\n\t\t\t\t\t\t\t<p><span style=\"color: #000000;\">La micro-cr\u00e8che Tanzanya pourra accueillir 12 enfants de 10 semaines \u00e0 3 ans r\u00e9volus \u00e0 partir de septembre 2024.<\/span><\/p><p><span style=\"color: #000000;\">La structure est ouverte du lundi au vendredi de 7h45 \u00e0 18h15 et ferme ses portes quatre semaines par an (1 semaine en avril, 2 semaines en \u00e9t\u00e9 et 1 semaine \u00e0 No\u00ebl).<\/span><\/p><p><span style=\"color: #000000;\">Afin que l&rsquo;arriv\u00e9e de votre enfant \u00e0 la micro-cr\u00e8che soit r\u00e9alis\u00e9e de mani\u00e8re progressive, nous mettons en place une semaine d&rsquo;adaptation durant laquelle les heures sont progressivement augment\u00e9es de sorte \u00e0 ce qu&rsquo;il puisse d\u00e9couvrir en douceur,\u00a0 l&rsquo;environnement de la structure, ses nouveaux amis ainsi que l&rsquo;\u00e9quipe \u00e9ducative qui sera pr\u00e9sente au quotidien pour r\u00e9pondre \u00e0 ses besoins. Voici un aper\u00e7u d&rsquo;une semaine d&rsquo;adaptation type (modifiable en fonction de chaque enfant):<\/span><\/p><p><span style=\"color: #000000;\">-jour 1: 1h avec pr\u00e9sence d&rsquo;un parent<\/span><\/p><p><span style=\"color: #000000;\">-jour 2: 1h avec pr\u00e9sence d&rsquo;un parent durant 20mn<\/span><\/p><p><span style=\"color: #000000;\">-Jour 3: pr\u00e9sence de l&rsquo;enfant seul de 9h \u00e0 11h<\/span><\/p><p><span style=\"color: #000000;\">-Jour 4: pr\u00e9sence de l&rsquo;enfant seul de 9h \u00e0 13h<\/span><\/p><p><span style=\"color: #000000;\">-Jour 5: pr\u00e9sence de l&rsquo;enfant seul de 9h \u00e0 15h\u00a0<\/span><\/p><p><span style=\"color: #000000;\">Notre \u00e9quipe, form\u00e9e aux normes HACCP, proposera aux enfants une collation \u00e0 9h, un repas \u00ab\u00a0fait maison\u00a0\u00bb \u00e0 12h ainsi qu&rsquo;une autre collation \u00e0 16h.\u00a0\u00a0<\/span><\/p><p><span style=\"color: #000000;\">Les couches et les produits de soins sont compris dans le tarif de l&rsquo;accueil tout comme les repas et les collations. Les parents sont amen\u00e9s \u00e0 apporter le lait infantile, des v\u00eatements de rechange ainsi que les pantoufles.<\/span><\/p><p><span style=\"color: #000000;\">Notre jardin de 170m2 offrira un espace ombrag\u00e9 permettant aux enfants de prendre les repas en ext\u00e9rieur les jours de beau temps.<\/span><\/p><p><span style=\"color: #000000;\">Si vous souhaitez avoir davantage d&rsquo;informations: contact@tanzanya.fr ou 06 26 37 58 26<\/span><\/p>\t\t\t\t\t\t<\/div>\n\t\t\t\t<\/div>\n\t\t\t\t\t<\/div>\n\t\t\t\t<\/div>\n\t\t\t\t<\/div>\n\t\t","protected":false},"excerpt":{"rendered":"<p>Informations La micro-cr\u00e8che Tanzanya pourra accueillir 12 enfants de 10 semaines \u00e0 3 ans r\u00e9volus \u00e0 partir de septembre 2024. La structure est ouverte du lundi au vendredi de 7h45 \u00e0 18h15 et ferme ses portes quatre semaines par an (1 semaine en avril, 2 semaines en \u00e9t\u00e9 et 1 semaine \u00e0 No\u00ebl). Afin que [&hellip;]<\/p>\n","protected":false},"author":1,"featured_media":0,"parent":0,"menu_order":0,"comment_status":"closed","ping_status":"closed","template":"elementor_header_footer","meta":{"ocean_post_layout":"","ocean_both_sidebars_style":"","ocean_both_sidebars_content_width":0,"ocean_both_sidebars_sidebars_width":0,"ocean_sidebar":"","ocean_second_sidebar":"","ocean_disable_margins":"enable","ocean_add_body_class":"","ocean_shortcode_before_top_bar":"","ocean_shortcode_after_top_bar":"","ocean_shortcode_before_header":"","ocean_shortcode_after_header":"","ocean_has_shortcode":"","ocean_shortcode_after_title":"","ocean_shortcode_before_footer_widgets":"","ocean_shortcode_after_footer_widgets":"","ocean_shortcode_before_footer_bottom":"","ocean_shortcode_after_footer_bottom":"","ocean_display_top_bar":"default","ocean_display_header":"default","ocean_header_style":"","ocean_center_header_left_menu":"","ocean_custom_header_template":"","ocean_custom_logo":0,"ocean_custom_retina_logo":0,"ocean_custom_logo_max_width":0,"ocean_custom_logo_tablet_max_width":0,"ocean_custom_logo_mobile_max_width":0,"ocean_custom_logo_max_height":0,"ocean_custom_logo_tablet_max_height":0,"ocean_custom_logo_mobile_max_height":0,"ocean_header_custom_menu":"","ocean_menu_typo_font_family":"","ocean_menu_typo_font_subset":"","ocean_menu_typo_font_size":0,"ocean_menu_typo_font_size_tablet":0,"ocean_menu_typo_font_size_mobile":0,"ocean_menu_typo_font_size_unit":"px","ocean_menu_typo_font_weight":"","ocean_menu_typo_font_weight_tablet":"","ocean_menu_typo_font_weight_mobile":"","ocean_menu_typo_transform":"","ocean_menu_typo_transform_tablet":"","ocean_menu_typo_transform_mobile":"","ocean_menu_typo_line_height":0,"ocean_menu_typo_line_height_tablet":0,"ocean_menu_typo_line_height_mobile":0,"ocean_menu_typo_line_height_unit":"","ocean_menu_typo_spacing":0,"ocean_menu_typo_spacing_tablet":0,"ocean_menu_typo_spacing_mobile":0,"ocean_menu_typo_spacing_unit":"","ocean_menu_link_color":"","ocean_menu_link_color_hover":"","ocean_menu_link_color_active":"","ocean_menu_link_background":"","ocean_menu_link_hover_background":"","ocean_menu_link_active_background":"","ocean_menu_social_links_bg":"","ocean_menu_social_hover_links_bg":"","ocean_menu_social_links_color":"","ocean_menu_social_hover_links_color":"","ocean_disable_title":"default","ocean_disable_heading":"default","ocean_post_title":"","ocean_post_subheading":"","ocean_post_title_style":"","ocean_post_title_background_color":"","ocean_post_title_background":0,"ocean_post_title_bg_image_position":"","ocean_post_title_bg_image_attachment":"","ocean_post_title_bg_image_repeat":"","ocean_post_title_bg_image_size":"","ocean_post_title_height":0,"ocean_post_title_bg_overlay":0.5,"ocean_post_title_bg_overlay_color":"","ocean_disable_breadcrumbs":"default","ocean_breadcrumbs_color":"","ocean_breadcrumbs_separator_color":"","ocean_breadcrumbs_links_color":"","ocean_breadcrumbs_links_hover_color":"","ocean_display_footer_widgets":"default","ocean_display_footer_bottom":"default","ocean_custom_footer_template":"","two_page_speed":[],"footnotes":""},"yoast_head":"<!-- This site is optimized with the Yoast SEO plugin v24.5 - https:\/\/yoast.com\/wordpress\/plugins\/seo\/ -->\n<title>Informations - Tanzanya<\/title>\n<meta name=\"robots\" content=\"index, follow, max-snippet:-1, max-image-preview:large, max-video-preview:-1\" \/>\n<link rel=\"canonical\" href=\"https:\/\/tanzanya.fr\/accueil\/?page_id=792\" \/>\n<meta property=\"og:locale\" content=\"fr_FR\" \/>\n<meta property=\"og:type\" content=\"article\" \/>\n<meta property=\"og:title\" content=\"Informations - Tanzanya\" \/>\n<meta property=\"og:description\" content=\"Informations La micro-cr\u00e8che Tanzanya pourra accueillir 12 enfants de 10 semaines \u00e0 3 ans r\u00e9volus \u00e0 partir de septembre 2024. La structure est ouverte du lundi au vendredi de 7h45 \u00e0 18h15 et ferme ses portes quatre semaines par an (1 semaine en avril, 2 semaines en \u00e9t\u00e9 et 1 semaine \u00e0 No\u00ebl). Afin que [&hellip;]\" \/>\n<meta property=\"og:url\" content=\"https:\/\/tanzanya.fr\/accueil\/?page_id=792\" \/>\n<meta property=\"og:site_name\" content=\"Tanzanya\" \/>\n<meta property=\"article:modified_time\" content=\"2024-05-01T13:31:06+00:00\" \/>\n<meta property=\"og:image\" content=\"https:\/\/tanzanya.fr\/wp-content\/uploads\/2024\/03\/cropped-nouveau.png\" \/>\n\t<meta property=\"og:image:width\" content=\"362\" \/>\n\t<meta property=\"og:image:height\" content=\"410\" \/>\n\t<meta property=\"og:image:type\" content=\"image\/png\" \/>\n<meta name=\"twitter:card\" content=\"summary_large_image\" \/>\n<meta name=\"twitter:label1\" content=\"Dur\u00e9e de lecture estim\u00e9e\" \/>\n\t<meta name=\"twitter:data1\" content=\"2 minutes\" \/>\n<script type=\"application\/ld+json\" class=\"yoast-schema-graph\">{\"@context\":\"https:\/\/schema.org\",\"@graph\":[{\"@type\":\"WebPage\",\"@id\":\"https:\/\/tanzanya.fr\/accueil\/?page_id=792\",\"url\":\"https:\/\/tanzanya.fr\/accueil\/?page_id=792\",\"name\":\"Informations - Tanzanya\",\"isPartOf\":{\"@id\":\"https:\/\/tanzanya.fr\/accueil\/#website\"},\"datePublished\":\"2024-02-08T08:47:35+00:00\",\"dateModified\":\"2024-05-01T13:31:06+00:00\",\"breadcrumb\":{\"@id\":\"https:\/\/tanzanya.fr\/accueil\/?page_id=792#breadcrumb\"},\"inLanguage\":\"fr-FR\",\"potentialAction\":[{\"@type\":\"ReadAction\",\"target\":[\"https:\/\/tanzanya.fr\/accueil\/?page_id=792\"]}]},{\"@type\":\"BreadcrumbList\",\"@id\":\"https:\/\/tanzanya.fr\/accueil\/?page_id=792#breadcrumb\",\"itemListElement\":[{\"@type\":\"ListItem\",\"position\":1,\"name\":\"Accueil\",\"item\":\"https:\/\/tanzanya.fr\/accueil\/\"},{\"@type\":\"ListItem\",\"position\":2,\"name\":\"Informations\"}]},{\"@type\":\"WebSite\",\"@id\":\"https:\/\/tanzanya.fr\/accueil\/#website\",\"url\":\"https:\/\/tanzanya.fr\/accueil\/\",\"name\":\"Tanzanya\",\"description\":\"Sp\u00e9cialiste de l&#039;accueil pour enfants \u00e2g\u00e9s de 10 mois \u00e0 3 ans. Capacit\u00e9 d&#039;accueil de 12 enfants.\",\"publisher\":{\"@id\":\"https:\/\/tanzanya.fr\/accueil\/#organization\"},\"potentialAction\":[{\"@type\":\"SearchAction\",\"target\":{\"@type\":\"EntryPoint\",\"urlTemplate\":\"https:\/\/tanzanya.fr\/accueil\/?s={search_term_string}\"},\"query-input\":{\"@type\":\"PropertyValueSpecification\",\"valueRequired\":true,\"valueName\":\"search_term_string\"}}],\"inLanguage\":\"fr-FR\"},{\"@type\":\"Organization\",\"@id\":\"https:\/\/tanzanya.fr\/accueil\/#organization\",\"name\":\"Tanzanya\",\"url\":\"https:\/\/tanzanya.fr\/accueil\/\",\"logo\":{\"@type\":\"ImageObject\",\"inLanguage\":\"fr-FR\",\"@id\":\"https:\/\/tanzanya.fr\/accueil\/#\/schema\/logo\/image\/\",\"url\":\"https:\/\/tanzanya.fr\/wp-content\/uploads\/2024\/03\/cropped-nouveau.png\",\"contentUrl\":\"https:\/\/tanzanya.fr\/wp-content\/uploads\/2024\/03\/cropped-nouveau.png\",\"width\":362,\"height\":410,\"caption\":\"Tanzanya\"},\"image\":{\"@id\":\"https:\/\/tanzanya.fr\/accueil\/#\/schema\/logo\/image\/\"}}]}<\/script>\n<!-- \/ Yoast SEO plugin. -->","yoast_head_json":{"title":"Informations - Tanzanya","robots":{"index":"index","follow":"follow","max-snippet":"max-snippet:-1","max-image-preview":"max-image-preview:large","max-video-preview":"max-video-preview:-1"},"canonical":"https:\/\/tanzanya.fr\/accueil\/?page_id=792","og_locale":"fr_FR","og_type":"article","og_title":"Informations - Tanzanya","og_description":"Informations La micro-cr\u00e8che Tanzanya pourra accueillir 12 enfants de 10 semaines \u00e0 3 ans r\u00e9volus \u00e0 partir de septembre 2024. La structure est ouverte du lundi au vendredi de 7h45 \u00e0 18h15 et ferme ses portes quatre semaines par an (1 semaine en avril, 2 semaines en \u00e9t\u00e9 et 1 semaine \u00e0 No\u00ebl). Afin que [&hellip;]","og_url":"https:\/\/tanzanya.fr\/accueil\/?page_id=792","og_site_name":"Tanzanya","article_modified_time":"2024-05-01T13:31:06+00:00","og_image":[{"width":362,"height":410,"url":"https:\/\/tanzanya.fr\/wp-content\/uploads\/2024\/03\/cropped-nouveau.png","type":"image\/png"}],"twitter_card":"summary_large_image","twitter_misc":{"Dur\u00e9e de lecture estim\u00e9e":"2 minutes"},"schema":{"@context":"https:\/\/schema.org","@graph":[{"@type":"WebPage","@id":"https:\/\/tanzanya.fr\/accueil\/?page_id=792","url":"https:\/\/tanzanya.fr\/accueil\/?page_id=792","name":"Informations - Tanzanya","isPartOf":{"@id":"https:\/\/tanzanya.fr\/accueil\/#website"},"datePublished":"2024-02-08T08:47:35+00:00","dateModified":"2024-05-01T13:31:06+00:00","breadcrumb":{"@id":"https:\/\/tanzanya.fr\/accueil\/?page_id=792#breadcrumb"},"inLanguage":"fr-FR","potentialAction":[{"@type":"ReadAction","target":["https:\/\/tanzanya.fr\/accueil\/?page_id=792"]}]},{"@type":"BreadcrumbList","@id":"https:\/\/tanzanya.fr\/accueil\/?page_id=792#breadcrumb","itemListElement":[{"@type":"ListItem","position":1,"name":"Accueil","item":"https:\/\/tanzanya.fr\/accueil\/"},{"@type":"ListItem","position":2,"name":"Informations"}]},{"@type":"WebSite","@id":"https:\/\/tanzanya.fr\/accueil\/#website","url":"https:\/\/tanzanya.fr\/accueil\/","name":"Tanzanya","description":"Sp\u00e9cialiste de l&#039;accueil pour enfants \u00e2g\u00e9s de 10 mois \u00e0 3 ans. Capacit\u00e9 d&#039;accueil de 12 enfants.","publisher":{"@id":"https:\/\/tanzanya.fr\/accueil\/#organization"},"potentialAction":[{"@type":"SearchAction","target":{"@type":"EntryPoint","urlTemplate":"https:\/\/tanzanya.fr\/accueil\/?s={search_term_string}"},"query-input":{"@type":"PropertyValueSpecification","valueRequired":true,"valueName":"search_term_string"}}],"inLanguage":"fr-FR"},{"@type":"Organization","@id":"https:\/\/tanzanya.fr\/accueil\/#organization","name":"Tanzanya","url":"https:\/\/tanzanya.fr\/accueil\/","logo":{"@type":"ImageObject","inLanguage":"fr-FR","@id":"https:\/\/tanzanya.fr\/accueil\/#\/schema\/logo\/image\/","url":"https:\/\/tanzanya.fr\/wp-content\/uploads\/2024\/03\/cropped-nouveau.png","contentUrl":"https:\/\/tanzanya.fr\/wp-content\/uploads\/2024\/03\/cropped-nouveau.png","width":362,"height":410,"caption":"Tanzanya"},"image":{"@id":"https:\/\/tanzanya.fr\/accueil\/#\/schema\/logo\/image\/"}}]}},"_links":{"self":[{"href":"https:\/\/tanzanya.fr\/accueil\/index.php?rest_route=\/wp\/v2\/pages\/792"}],"collection":[{"href":"https:\/\/tanzanya.fr\/accueil\/index.php?rest_route=\/wp\/v2\/pages"}],"about":[{"href":"https:\/\/tanzanya.fr\/accueil\/index.php?rest_route=\/wp\/v2\/types\/page"}],"author":[{"embeddable":true,"href":"https:\/\/tanzanya.fr\/accueil\/index.php?rest_route=\/wp\/v2\/users\/1"}],"replies":[{"embeddable":true,"href":"https:\/\/tanzanya.fr\/accueil\/index.php?rest_route=%2Fwp%2Fv2%2Fcomments&post=792"}],"version-history":[{"count":10,"href":"https:\/\/tanzanya.fr\/accueil\/index.php?rest_route=\/wp\/v2\/pages\/792\/revisions"}],"predecessor-version":[{"id":1957,"href":"https:\/\/tanzanya.fr\/accueil\/index.php?rest_route=\/wp\/v2\/pages\/792\/revisions\/1957"}],"wp:attachment":[{"href":"https:\/\/tanzanya.fr\/accueil\/index.php?rest_route=%2Fwp%2Fv2%2Fmedia&parent=792"}],"curies":[{"name":"wp","href":"https:\/\/api.w.org\/{rel}","templated":true}]}}