{"id":785,"date":"2024-02-08T09:39:55","date_gmt":"2024-02-08T08:39:55","guid":{"rendered":"https:\/\/tanzanya.fr\/accueil\/?page_id=785"},"modified":"2025-11-09T07:57:34","modified_gmt":"2025-11-09T06:57:34","slug":"contact-tanzanya","status":"publish","type":"page","link":"https:\/\/tanzanya.fr\/accueil\/?page_id=785","title":{"rendered":"Contact"},"content":{"rendered":"\t\t<div data-elementor-type=\"wp-page\" data-elementor-id=\"785\" class=\"elementor elementor-785\">\n\t\t\t\t<div class=\"elementor-element elementor-element-cadcc55 e-con-full e-flex e-con e-parent\" data-id=\"cadcc55\" data-element_type=\"container\" data-settings=\"{&quot;background_background&quot;:&quot;classic&quot;}\">\n\t\t\t\t<div class=\"elementor-element elementor-element-615ded6 elementor-widget__width-initial elementor-widget-mobile__width-initial elementor-widget elementor-widget-text-editor\" data-id=\"615ded6\" data-element_type=\"widget\" data-widget_type=\"text-editor.default\">\n\t\t\t\t<div class=\"elementor-widget-container\">\n\t\t\t<style>\/*! elementor - v3.21.0 - 26-05-2024 *\/\n.elementor-widget-text-editor.elementor-drop-cap-view-stacked .elementor-drop-cap{background-color:#69727d;color:#fff}.elementor-widget-text-editor.elementor-drop-cap-view-framed .elementor-drop-cap{color:#69727d;border:3px solid;background-color:transparent}.elementor-widget-text-editor:not(.elementor-drop-cap-view-default) .elementor-drop-cap{margin-top:8px}.elementor-widget-text-editor:not(.elementor-drop-cap-view-default) .elementor-drop-cap-letter{width:1em;height:1em}.elementor-widget-text-editor .elementor-drop-cap{float:left;text-align:center;line-height:1;font-size:50px}.elementor-widget-text-editor .elementor-drop-cap-letter{display:inline-block}<\/style>\t\t\t\t<h1 style=\"text-align: center;\">Contact<\/h1>\t\t\t\t\t\t<\/div>\n\t\t\t\t<\/div>\n\t\t\t\t<\/div>\n\t\t<div class=\"elementor-element elementor-element-feac1a1 e-flex e-con-boxed e-con e-parent\" data-id=\"feac1a1\" data-element_type=\"container\" data-settings=\"{&quot;background_background&quot;:&quot;gradient&quot;}\">\n\t\t\t\t\t<div class=\"e-con-inner\">\n\t\t\t\t<div class=\"elementor-element elementor-element-a04763c elementor-widget__width-initial elementor-widget elementor-widget-text-editor\" data-id=\"a04763c\" data-element_type=\"widget\" data-widget_type=\"text-editor.default\">\n\t\t\t\t<div class=\"elementor-widget-container\">\n\t\t\t\t\t\t\t<h1 style=\"text-align: left;\"><span style=\"text-decoration: underline;\"><strong><span style=\"color: #000000; text-decoration: underline;\">Qui suis-je?<\/span><\/strong><\/span><\/h1><h1 style=\"text-align: center;\"><span style=\"color: #993366;\">Christelle Schmitz- Directrice\/ g\u00e9rante<\/span><\/h1><h2 style=\"text-align: center;\">contact@tanzanya.fr<\/h2><h2 style=\"text-align: center;\">06 26 37 58 26<\/h2><p><span style=\"color: #000000;\">En 2024, \u00e0 l&rsquo;aube de mes 40 printemps j&rsquo;ai souhait\u00e9 offrir \u00e0 chaque enfant un lieu d&rsquo;accueil chaleureux, adapt\u00e9 aux besoins sp\u00e9cifiques de chacun.\u00a0 <\/span><\/p><p><span style=\"color: #000000;\">D\u00e9tentrice d&rsquo;un Master II dans le domaine de la petite enfance et d&rsquo;un dipl\u00f4me d&rsquo;\u00e9tat d&rsquo;\u00e9ducatrice de jeunes enfants, j&rsquo;ai souhait\u00e9 mettre mes 10 ann\u00e9es d&rsquo;exp\u00e9rience dans ce projet afin de cr\u00e9er un service d&rsquo;accueil de petite taille dans lequel chaque enfant pourra \u00e9voluer \u00e0 son propre rythme.\u00a0\u00a0<\/span><\/p><p><span style=\"color: #000000;\">Mes exp\u00e9riences? Durant les dix derni\u00e8res ann\u00e9es j&rsquo;ai eu l&rsquo;occasion d&rsquo;\u00e9voluer \u00e0 diff\u00e9rents postes au Grand-Duch\u00e9 du Luxembourg:<\/span><\/p><ul><li><span style=\"color: #000000;\">Educatrice de jeunes enfants dans des groupes d&rsquo;\u00e2ges allant de 2 mois \u00e0 12 ans<\/span><\/li><li><span style=\"color: #000000;\">Responsable technique d&rsquo;une structure de 21 berceaux<\/span><\/li><li><span style=\"color: #000000;\">Responsable de secteur d&rsquo;une dizaine de structures<\/span><\/li><li><span style=\"color: #000000;\">Directrice des op\u00e9rations et de la p\u00e9dagogie pour un grand groupe, sp\u00e9cialiste de l&rsquo;accueil des enfants au Luxembourg\u00a0<\/span><\/li><\/ul><p><span style=\"color: #000000;\">Apr\u00e8s ces riches ann\u00e9es d&rsquo;exp\u00e9rience, j&rsquo;ai souhait\u00e9 cr\u00e9\u00e9e une structure de petite taille permettant un accueil plus individualis\u00e9. Cet accueil restreint et plus \u00ab\u00a0intimiste\u00a0\u00bb permet \u00e0 la micro-cr\u00e8che Tanzanya\u00a0 d&rsquo;offrir aux enfants un environnement s\u00e9curis\u00e9 et s\u00e9curisant propice \u00e0 l&rsquo;\u00e9veil de chacun. <\/span><\/p><p><span style=\"color: #000000;\">Etant moi-m\u00eame maman d&rsquo;une petite fille, je comprends \u00e9galement le besoin certain qu&rsquo;ont les parents de trouver un accueil sain, bienveillant et s\u00fbr pour leur enfant. Un enfant se sent bien accueilli lorsque sa famille l&rsquo;est aussi, c&rsquo;est pourquoi je porte une attention particuli\u00e8re \u00e0 la communication avec les familles.<\/span><\/p>\t\t\t\t\t\t<\/div>\n\t\t\t\t<\/div>\n\t\t\t\t<div class=\"elementor-element elementor-element-bd0e690 elementor-widget-mobile__width-initial elementor-widget elementor-widget-image\" data-id=\"bd0e690\" data-element_type=\"widget\" data-widget_type=\"image.default\">\n\t\t\t\t<div class=\"elementor-widget-container\">\n\t\t\t<style>\/*! elementor - v3.21.0 - 26-05-2024 *\/\n.elementor-widget-image{text-align:center}.elementor-widget-image a{display:inline-block}.elementor-widget-image a img[src$=\".svg\"]{width:48px}.elementor-widget-image img{vertical-align:middle;display:inline-block}<\/style>\t\t\t\t\t\t\t\t\t\t<img fetchpriority=\"high\" decoding=\"async\" width=\"222\" height=\"295\" src=\"https:\/\/tanzanya.fr\/wp-content\/uploads\/2024\/02\/photo-moi.png\" class=\"attachment-large size-large wp-image-600\" alt=\"\" \/>\t\t\t\t\t\t\t\t\t\t\t\t\t<\/div>\n\t\t\t\t<\/div>\n\t\t\t\t\t<\/div>\n\t\t\t\t<\/div>\n\t\t\t\t<\/div>\n\t\t","protected":false},"excerpt":{"rendered":"<p>Contact Qui suis-je? Christelle Schmitz- Directrice\/ g\u00e9rante contact@tanzanya.fr 06 26 37 58 26 En 2024, \u00e0 l&rsquo;aube de mes 40 printemps j&rsquo;ai souhait\u00e9 offrir \u00e0 chaque enfant un lieu d&rsquo;accueil chaleureux, adapt\u00e9 aux besoins sp\u00e9cifiques de chacun.\u00a0 D\u00e9tentrice d&rsquo;un Master II dans le domaine de la petite enfance et d&rsquo;un dipl\u00f4me d&rsquo;\u00e9tat d&rsquo;\u00e9ducatrice de jeunes [&hellip;]<\/p>\n","protected":false},"author":1,"featured_media":0,"parent":0,"menu_order":0,"comment_status":"closed","ping_status":"closed","template":"elementor_header_footer","meta":{"ocean_post_layout":"","ocean_both_sidebars_style":"","ocean_both_sidebars_content_width":0,"ocean_both_sidebars_sidebars_width":0,"ocean_sidebar":"","ocean_second_sidebar":"","ocean_disable_margins":"enable","ocean_add_body_class":"","ocean_shortcode_before_top_bar":"","ocean_shortcode_after_top_bar":"","ocean_shortcode_before_header":"","ocean_shortcode_after_header":"","ocean_has_shortcode":"","ocean_shortcode_after_title":"","ocean_shortcode_before_footer_widgets":"","ocean_shortcode_after_footer_widgets":"","ocean_shortcode_before_footer_bottom":"","ocean_shortcode_after_footer_bottom":"","ocean_display_top_bar":"default","ocean_display_header":"default","ocean_header_style":"","ocean_center_header_left_menu":"","ocean_custom_header_template":"","ocean_custom_logo":0,"ocean_custom_retina_logo":0,"ocean_custom_logo_max_width":0,"ocean_custom_logo_tablet_max_width":0,"ocean_custom_logo_mobile_max_width":0,"ocean_custom_logo_max_height":0,"ocean_custom_logo_tablet_max_height":0,"ocean_custom_logo_mobile_max_height":0,"ocean_header_custom_menu":"","ocean_menu_typo_font_family":"","ocean_menu_typo_font_subset":"","ocean_menu_typo_font_size":0,"ocean_menu_typo_font_size_tablet":0,"ocean_menu_typo_font_size_mobile":0,"ocean_menu_typo_font_size_unit":"px","ocean_menu_typo_font_weight":"","ocean_menu_typo_font_weight_tablet":"","ocean_menu_typo_font_weight_mobile":"","ocean_menu_typo_transform":"","ocean_menu_typo_transform_tablet":"","ocean_menu_typo_transform_mobile":"","ocean_menu_typo_line_height":0,"ocean_menu_typo_line_height_tablet":0,"ocean_menu_typo_line_height_mobile":0,"ocean_menu_typo_line_height_unit":"","ocean_menu_typo_spacing":0,"ocean_menu_typo_spacing_tablet":0,"ocean_menu_typo_spacing_mobile":0,"ocean_menu_typo_spacing_unit":"","ocean_menu_link_color":"","ocean_menu_link_color_hover":"","ocean_menu_link_color_active":"","ocean_menu_link_background":"","ocean_menu_link_hover_background":"","ocean_menu_link_active_background":"","ocean_menu_social_links_bg":"","ocean_menu_social_hover_links_bg":"","ocean_menu_social_links_color":"","ocean_menu_social_hover_links_color":"","ocean_disable_title":"default","ocean_disable_heading":"default","ocean_post_title":"","ocean_post_subheading":"","ocean_post_title_style":"","ocean_post_title_background_color":"","ocean_post_title_background":0,"ocean_post_title_bg_image_position":"","ocean_post_title_bg_image_attachment":"","ocean_post_title_bg_image_repeat":"","ocean_post_title_bg_image_size":"","ocean_post_title_height":0,"ocean_post_title_bg_overlay":0.5,"ocean_post_title_bg_overlay_color":"","ocean_disable_breadcrumbs":"default","ocean_breadcrumbs_color":"","ocean_breadcrumbs_separator_color":"","ocean_breadcrumbs_links_color":"","ocean_breadcrumbs_links_hover_color":"","ocean_display_footer_widgets":"default","ocean_display_footer_bottom":"default","ocean_custom_footer_template":"","two_page_speed":[],"footnotes":""},"yoast_head":"<!-- This site is optimized with the Yoast SEO plugin v24.5 - https:\/\/yoast.com\/wordpress\/plugins\/seo\/ -->\n<title>Micro-cr\u00e8che Tanzanya, Contactez-nous<\/title>\n<meta name=\"description\" content=\"Vous souhaitez plus d&#039;informations sur notre micro-cr\u00e8che Tanzanya? Contactez-nous par mail ou par t\u00e9l\u00e9phone via notre page &quot;contact&quot;.\" \/>\n<meta name=\"robots\" content=\"index, follow, max-snippet:-1, max-image-preview:large, max-video-preview:-1\" \/>\n<link rel=\"canonical\" href=\"https:\/\/tanzanya.fr\/accueil\/?page_id=785\" \/>\n<meta property=\"og:locale\" content=\"fr_FR\" \/>\n<meta property=\"og:type\" content=\"article\" \/>\n<meta property=\"og:title\" content=\"Micro-cr\u00e8che Tanzanya, Contactez-nous\" \/>\n<meta property=\"og:description\" content=\"Vous souhaitez plus d&#039;informations sur notre micro-cr\u00e8che Tanzanya? Contactez-nous par mail ou par t\u00e9l\u00e9phone via notre page &quot;contact&quot;.\" \/>\n<meta property=\"og:url\" content=\"https:\/\/tanzanya.fr\/accueil\/?page_id=785\" \/>\n<meta property=\"og:site_name\" content=\"Tanzanya\" \/>\n<meta property=\"article:modified_time\" content=\"2025-11-09T06:57:34+00:00\" \/>\n<meta property=\"og:image\" content=\"https:\/\/tanzanya.fr\/wp-content\/uploads\/2024\/02\/photo-moi.png\" \/>\n\t<meta property=\"og:image:width\" content=\"222\" \/>\n\t<meta property=\"og:image:height\" content=\"295\" \/>\n\t<meta property=\"og:image:type\" content=\"image\/png\" \/>\n<meta name=\"twitter:card\" content=\"summary_large_image\" \/>\n<meta name=\"twitter:label1\" content=\"Dur\u00e9e de lecture estim\u00e9e\" \/>\n\t<meta name=\"twitter:data1\" content=\"2 minutes\" \/>\n<script type=\"application\/ld+json\" class=\"yoast-schema-graph\">{\"@context\":\"https:\/\/schema.org\",\"@graph\":[{\"@type\":\"WebPage\",\"@id\":\"https:\/\/tanzanya.fr\/accueil\/?page_id=785\",\"url\":\"https:\/\/tanzanya.fr\/accueil\/?page_id=785\",\"name\":\"Micro-cr\u00e8che Tanzanya, Contactez-nous\",\"isPartOf\":{\"@id\":\"https:\/\/tanzanya.fr\/accueil\/#website\"},\"primaryImageOfPage\":{\"@id\":\"https:\/\/tanzanya.fr\/accueil\/?page_id=785#primaryimage\"},\"image\":{\"@id\":\"https:\/\/tanzanya.fr\/accueil\/?page_id=785#primaryimage\"},\"thumbnailUrl\":\"https:\/\/tanzanya.fr\/wp-content\/uploads\/2024\/02\/photo-moi.png\",\"datePublished\":\"2024-02-08T08:39:55+00:00\",\"dateModified\":\"2025-11-09T06:57:34+00:00\",\"description\":\"Vous souhaitez plus d'informations sur notre micro-cr\u00e8che Tanzanya? Contactez-nous par mail ou par t\u00e9l\u00e9phone via notre page \\\"contact\\\".\",\"breadcrumb\":{\"@id\":\"https:\/\/tanzanya.fr\/accueil\/?page_id=785#breadcrumb\"},\"inLanguage\":\"fr-FR\",\"potentialAction\":[{\"@type\":\"ReadAction\",\"target\":[\"https:\/\/tanzanya.fr\/accueil\/?page_id=785\"]}]},{\"@type\":\"ImageObject\",\"inLanguage\":\"fr-FR\",\"@id\":\"https:\/\/tanzanya.fr\/accueil\/?page_id=785#primaryimage\",\"url\":\"https:\/\/tanzanya.fr\/wp-content\/uploads\/2024\/02\/photo-moi.png\",\"contentUrl\":\"https:\/\/tanzanya.fr\/wp-content\/uploads\/2024\/02\/photo-moi.png\"},{\"@type\":\"BreadcrumbList\",\"@id\":\"https:\/\/tanzanya.fr\/accueil\/?page_id=785#breadcrumb\",\"itemListElement\":[{\"@type\":\"ListItem\",\"position\":1,\"name\":\"Accueil\",\"item\":\"https:\/\/tanzanya.fr\/accueil\/\"},{\"@type\":\"ListItem\",\"position\":2,\"name\":\"Contact\"}]},{\"@type\":\"WebSite\",\"@id\":\"https:\/\/tanzanya.fr\/accueil\/#website\",\"url\":\"https:\/\/tanzanya.fr\/accueil\/\",\"name\":\"Tanzanya\",\"description\":\"Sp\u00e9cialiste de l&#039;accueil pour enfants \u00e2g\u00e9s de 10 mois \u00e0 3 ans. Capacit\u00e9 d&#039;accueil de 12 enfants.\",\"publisher\":{\"@id\":\"https:\/\/tanzanya.fr\/accueil\/#organization\"},\"potentialAction\":[{\"@type\":\"SearchAction\",\"target\":{\"@type\":\"EntryPoint\",\"urlTemplate\":\"https:\/\/tanzanya.fr\/accueil\/?s={search_term_string}\"},\"query-input\":{\"@type\":\"PropertyValueSpecification\",\"valueRequired\":true,\"valueName\":\"search_term_string\"}}],\"inLanguage\":\"fr-FR\"},{\"@type\":\"Organization\",\"@id\":\"https:\/\/tanzanya.fr\/accueil\/#organization\",\"name\":\"Tanzanya\",\"url\":\"https:\/\/tanzanya.fr\/accueil\/\",\"logo\":{\"@type\":\"ImageObject\",\"inLanguage\":\"fr-FR\",\"@id\":\"https:\/\/tanzanya.fr\/accueil\/#\/schema\/logo\/image\/\",\"url\":\"https:\/\/tanzanya.fr\/wp-content\/uploads\/2024\/03\/cropped-nouveau.png\",\"contentUrl\":\"https:\/\/tanzanya.fr\/wp-content\/uploads\/2024\/03\/cropped-nouveau.png\",\"width\":362,\"height\":410,\"caption\":\"Tanzanya\"},\"image\":{\"@id\":\"https:\/\/tanzanya.fr\/accueil\/#\/schema\/logo\/image\/\"}}]}<\/script>\n<!-- \/ Yoast SEO plugin. -->","yoast_head_json":{"title":"Micro-cr\u00e8che Tanzanya, Contactez-nous","description":"Vous souhaitez plus d'informations sur notre micro-cr\u00e8che Tanzanya? Contactez-nous par mail ou par t\u00e9l\u00e9phone via notre page \"contact\".","robots":{"index":"index","follow":"follow","max-snippet":"max-snippet:-1","max-image-preview":"max-image-preview:large","max-video-preview":"max-video-preview:-1"},"canonical":"https:\/\/tanzanya.fr\/accueil\/?page_id=785","og_locale":"fr_FR","og_type":"article","og_title":"Micro-cr\u00e8che Tanzanya, Contactez-nous","og_description":"Vous souhaitez plus d'informations sur notre micro-cr\u00e8che Tanzanya? Contactez-nous par mail ou par t\u00e9l\u00e9phone via notre page \"contact\".","og_url":"https:\/\/tanzanya.fr\/accueil\/?page_id=785","og_site_name":"Tanzanya","article_modified_time":"2025-11-09T06:57:34+00:00","og_image":[{"width":222,"height":295,"url":"https:\/\/tanzanya.fr\/wp-content\/uploads\/2024\/02\/photo-moi.png","type":"image\/png"}],"twitter_card":"summary_large_image","twitter_misc":{"Dur\u00e9e de lecture estim\u00e9e":"2 minutes"},"schema":{"@context":"https:\/\/schema.org","@graph":[{"@type":"WebPage","@id":"https:\/\/tanzanya.fr\/accueil\/?page_id=785","url":"https:\/\/tanzanya.fr\/accueil\/?page_id=785","name":"Micro-cr\u00e8che Tanzanya, Contactez-nous","isPartOf":{"@id":"https:\/\/tanzanya.fr\/accueil\/#website"},"primaryImageOfPage":{"@id":"https:\/\/tanzanya.fr\/accueil\/?page_id=785#primaryimage"},"image":{"@id":"https:\/\/tanzanya.fr\/accueil\/?page_id=785#primaryimage"},"thumbnailUrl":"https:\/\/tanzanya.fr\/wp-content\/uploads\/2024\/02\/photo-moi.png","datePublished":"2024-02-08T08:39:55+00:00","dateModified":"2025-11-09T06:57:34+00:00","description":"Vous souhaitez plus d'informations sur notre micro-cr\u00e8che Tanzanya? Contactez-nous par mail ou par t\u00e9l\u00e9phone via notre page \"contact\".","breadcrumb":{"@id":"https:\/\/tanzanya.fr\/accueil\/?page_id=785#breadcrumb"},"inLanguage":"fr-FR","potentialAction":[{"@type":"ReadAction","target":["https:\/\/tanzanya.fr\/accueil\/?page_id=785"]}]},{"@type":"ImageObject","inLanguage":"fr-FR","@id":"https:\/\/tanzanya.fr\/accueil\/?page_id=785#primaryimage","url":"https:\/\/tanzanya.fr\/wp-content\/uploads\/2024\/02\/photo-moi.png","contentUrl":"https:\/\/tanzanya.fr\/wp-content\/uploads\/2024\/02\/photo-moi.png"},{"@type":"BreadcrumbList","@id":"https:\/\/tanzanya.fr\/accueil\/?page_id=785#breadcrumb","itemListElement":[{"@type":"ListItem","position":1,"name":"Accueil","item":"https:\/\/tanzanya.fr\/accueil\/"},{"@type":"ListItem","position":2,"name":"Contact"}]},{"@type":"WebSite","@id":"https:\/\/tanzanya.fr\/accueil\/#website","url":"https:\/\/tanzanya.fr\/accueil\/","name":"Tanzanya","description":"Sp\u00e9cialiste de l&#039;accueil pour enfants \u00e2g\u00e9s de 10 mois \u00e0 3 ans. Capacit\u00e9 d&#039;accueil de 12 enfants.","publisher":{"@id":"https:\/\/tanzanya.fr\/accueil\/#organization"},"potentialAction":[{"@type":"SearchAction","target":{"@type":"EntryPoint","urlTemplate":"https:\/\/tanzanya.fr\/accueil\/?s={search_term_string}"},"query-input":{"@type":"PropertyValueSpecification","valueRequired":true,"valueName":"search_term_string"}}],"inLanguage":"fr-FR"},{"@type":"Organization","@id":"https:\/\/tanzanya.fr\/accueil\/#organization","name":"Tanzanya","url":"https:\/\/tanzanya.fr\/accueil\/","logo":{"@type":"ImageObject","inLanguage":"fr-FR","@id":"https:\/\/tanzanya.fr\/accueil\/#\/schema\/logo\/image\/","url":"https:\/\/tanzanya.fr\/wp-content\/uploads\/2024\/03\/cropped-nouveau.png","contentUrl":"https:\/\/tanzanya.fr\/wp-content\/uploads\/2024\/03\/cropped-nouveau.png","width":362,"height":410,"caption":"Tanzanya"},"image":{"@id":"https:\/\/tanzanya.fr\/accueil\/#\/schema\/logo\/image\/"}}]}},"_links":{"self":[{"href":"https:\/\/tanzanya.fr\/accueil\/index.php?rest_route=\/wp\/v2\/pages\/785"}],"collection":[{"href":"https:\/\/tanzanya.fr\/accueil\/index.php?rest_route=\/wp\/v2\/pages"}],"about":[{"href":"https:\/\/tanzanya.fr\/accueil\/index.php?rest_route=\/wp\/v2\/types\/page"}],"author":[{"embeddable":true,"href":"https:\/\/tanzanya.fr\/accueil\/index.php?rest_route=\/wp\/v2\/users\/1"}],"replies":[{"embeddable":true,"href":"https:\/\/tanzanya.fr\/accueil\/index.php?rest_route=%2Fwp%2Fv2%2Fcomments&post=785"}],"version-history":[{"count":145,"href":"https:\/\/tanzanya.fr\/accueil\/index.php?rest_route=\/wp\/v2\/pages\/785\/revisions"}],"predecessor-version":[{"id":2165,"href":"https:\/\/tanzanya.fr\/accueil\/index.php?rest_route=\/wp\/v2\/pages\/785\/revisions\/2165"}],"wp:attachment":[{"href":"https:\/\/tanzanya.fr\/accueil\/index.php?rest_route=%2Fwp%2Fv2%2Fmedia&parent=785"}],"curies":[{"name":"wp","href":"https:\/\/api.w.org\/{rel}","templated":true}]}}