{"id":34,"date":"2024-01-31T19:00:14","date_gmt":"2024-01-31T18:00:14","guid":{"rendered":"https:\/\/tanzanya.fr\/?page_id=34"},"modified":"2024-05-01T15:07:30","modified_gmt":"2024-05-01T13:07:30","slug":"micro-creches-tanzanya","status":"publish","type":"page","link":"https:\/\/tanzanya.fr\/accueil\/?page_id=34","title":{"rendered":"Cr\u00e8ches"},"content":{"rendered":"\t\t<div data-elementor-type=\"wp-page\" data-elementor-id=\"34\" class=\"elementor elementor-34\">\n\t\t\t\t<div class=\"elementor-element elementor-element-febaba0 e-flex e-con-boxed e-con e-parent\" data-id=\"febaba0\" data-element_type=\"container\">\n\t\t\t\t\t<div class=\"e-con-inner\">\n\t\t\t\t<div class=\"elementor-element elementor-element-08c1c15 elementor-widget elementor-widget-text-editor\" data-id=\"08c1c15\" data-element_type=\"widget\" data-widget_type=\"text-editor.default\">\n\t\t\t\t<div class=\"elementor-widget-container\">\n\t\t\t<style>\/*! elementor - v3.21.0 - 26-05-2024 *\/\n.elementor-widget-text-editor.elementor-drop-cap-view-stacked .elementor-drop-cap{background-color:#69727d;color:#fff}.elementor-widget-text-editor.elementor-drop-cap-view-framed .elementor-drop-cap{color:#69727d;border:3px solid;background-color:transparent}.elementor-widget-text-editor:not(.elementor-drop-cap-view-default) .elementor-drop-cap{margin-top:8px}.elementor-widget-text-editor:not(.elementor-drop-cap-view-default) .elementor-drop-cap-letter{width:1em;height:1em}.elementor-widget-text-editor .elementor-drop-cap{float:left;text-align:center;line-height:1;font-size:50px}.elementor-widget-text-editor .elementor-drop-cap-letter{display:inline-block}<\/style>\t\t\t\t<h1 style=\"text-align: center;\"><span style=\"font-size: 18px; font-weight: 600; background-color: transparent;\">Les cr\u00e8ches Tanzanya<\/span><\/h1>\t\t\t\t\t\t<\/div>\n\t\t\t\t<\/div>\n\t\t\t\t\t<\/div>\n\t\t\t\t<\/div>\n\t\t<div class=\"elementor-element elementor-element-a50f992 e-flex e-con-boxed e-con e-parent\" data-id=\"a50f992\" data-element_type=\"container\">\n\t\t\t\t\t<div class=\"e-con-inner\">\n\t\t<div class=\"elementor-element elementor-element-b08718a e-con-full e-flex e-con e-child\" data-id=\"b08718a\" data-element_type=\"container\">\n\t\t\t\t<div class=\"elementor-element elementor-element-ce62f90 elementor-widget elementor-widget-text-editor\" data-id=\"ce62f90\" data-element_type=\"widget\" data-widget_type=\"text-editor.default\">\n\t\t\t\t<div class=\"elementor-widget-container\">\n\t\t\t\t\t\t\t<p><span style=\"color: #000000;\">La micro-cr\u00e8che Tanzanya de Forbach a \u00e9t\u00e9 imagin\u00e9e et pens\u00e9e pour le bien-\u00eatre et la s\u00e9curit\u00e9 des enfants.\u00a0<\/span><\/p><p><span style=\"color: #000000;\">La salle de vie de plus de 70m2 leur offre la possibilit\u00e9 d&rsquo;\u00e9voluer dans un espace d&rsquo;exp\u00e9rimentation dans lequel ils peuvent se mouvoir \u00e0 leur aise. La structure se pr\u00e9sente ainsi:<\/span><\/p><ul><li><span style=\"color: #000000;\">Une salle de vie<\/span><\/li><li><span style=\"color: #000000;\">Une salle d&rsquo;eau\/ toilettes\/ change<\/span><\/li><li><span style=\"color: #000000;\">Deux salles de repos<\/span><\/li><li><span style=\"color: #000000;\">Un accueil pour les arriv\u00e9es et d\u00e9parts<\/span><\/li><li><span style=\"color: #000000;\">Un sas d&rsquo;entr\u00e9e<\/span><\/li><li><span style=\"color: #000000;\">Deux bureaux de direction<\/span><\/li><li><span style=\"color: #000000;\">Un toilette PMR<\/span><\/li><li><span style=\"color: #000000;\">Une buanderie<\/span><\/li><li><span style=\"color: #000000;\">Un sellier<\/span><\/li><\/ul><h2><em><span style=\"color: #000000;\"><span style=\"text-decoration: underline;\">Voici le plans effectu\u00e9 de paire avec notre architecte\u00a0<\/span> \u00a0 \u00a0 \u00a0 \u00a0 \u00a0 \u00a0 \u00a0 \u00a0 \u00a0 \u00a0 \u00a0 \u00a0 \u00a0 \u00a0<span style=\"text-decoration: underline;\">Laurent Boehmer:<\/span><\/span><\/em><\/h2>\t\t\t\t\t\t<\/div>\n\t\t\t\t<\/div>\n\t\t\t\t<\/div>\n\t\t<div class=\"elementor-element elementor-element-1afe501 e-con-full e-flex e-con e-child\" data-id=\"1afe501\" data-element_type=\"container\">\n\t\t\t\t<div class=\"elementor-element elementor-element-118d1df elementor-widget elementor-widget-image\" data-id=\"118d1df\" data-element_type=\"widget\" data-widget_type=\"image.default\">\n\t\t\t\t<div class=\"elementor-widget-container\">\n\t\t\t<style>\/*! elementor - v3.21.0 - 26-05-2024 *\/\n.elementor-widget-image{text-align:center}.elementor-widget-image a{display:inline-block}.elementor-widget-image a img[src$=\".svg\"]{width:48px}.elementor-widget-image img{vertical-align:middle;display:inline-block}<\/style>\t\t\t\t\t\t\t\t\t\t<img fetchpriority=\"high\" decoding=\"async\" width=\"299\" height=\"212\" src=\"https:\/\/tanzanya.fr\/wp-content\/uploads\/2024\/05\/boehmer-architecte.png\" class=\"attachment-large size-large wp-image-1929\" alt=\"\" \/>\t\t\t\t\t\t\t\t\t\t\t\t\t<\/div>\n\t\t\t\t<\/div>\n\t\t\t\t<div class=\"elementor-element elementor-element-aeb828b elementor-hidden-mobile elementor-widget elementor-widget-text-editor\" data-id=\"aeb828b\" data-element_type=\"widget\" data-widget_type=\"text-editor.default\">\n\t\t\t\t<div class=\"elementor-widget-container\">\n\t\t\t\t\t\t\t<p><span style=\"text-decoration: underline;\"><span style=\"color: #800080; text-decoration: underline;\">Afin de r\u00e9pondre aux besoins des parents, une seconde micro-cr\u00e8che Tanzanya ouvrira ses portes en 2025 rue de la Montagne \u00e0 Forbach<\/span><\/span><\/p>\t\t\t\t\t\t<\/div>\n\t\t\t\t<\/div>\n\t\t\t\t<\/div>\n\t\t\t\t\t<\/div>\n\t\t\t\t<\/div>\n\t\t<div class=\"elementor-element elementor-element-5ca1718 e-flex e-con-boxed e-con e-parent\" data-id=\"5ca1718\" data-element_type=\"container\">\n\t\t\t\t\t<div class=\"e-con-inner\">\n\t\t\t\t<div class=\"elementor-element elementor-element-b960488 elementor-widget elementor-widget-image\" data-id=\"b960488\" data-element_type=\"widget\" data-widget_type=\"image.default\">\n\t\t\t\t<div class=\"elementor-widget-container\">\n\t\t\t\t\t\t\t\t\t\t\t\t\t<img decoding=\"async\" width=\"789\" height=\"556\" src=\"https:\/\/tanzanya.fr\/wp-content\/uploads\/2024\/04\/thierriet-2.png\" class=\"attachment-large size-large wp-image-1805\" alt=\"\" srcset=\"https:\/\/tanzanya.fr\/wp-content\/uploads\/2024\/04\/thierriet-2.png 789w, https:\/\/tanzanya.fr\/wp-content\/uploads\/2024\/04\/thierriet-2-300x211.png 300w, https:\/\/tanzanya.fr\/wp-content\/uploads\/2024\/04\/thierriet-2-768x541.png 768w\" sizes=\"(max-width: 789px) 100vw, 789px\" \/>\t\t\t\t\t\t\t\t\t\t\t\t\t<\/div>\n\t\t\t\t<\/div>\n\t\t\t\t\t<\/div>\n\t\t\t\t<\/div>\n\t\t<div class=\"elementor-element elementor-element-319f673 e-flex e-con-boxed e-con e-parent\" data-id=\"319f673\" data-element_type=\"container\">\n\t\t\t\t\t<div class=\"e-con-inner\">\n\t\t\t\t<div class=\"elementor-element elementor-element-c44d39e elementor-widget elementor-widget-text-editor\" data-id=\"c44d39e\" data-element_type=\"widget\" data-widget_type=\"text-editor.default\">\n\t\t\t\t<div class=\"elementor-widget-container\">\n\t\t\t\t\t\t\t<p><span style=\"text-decoration: underline;\"><span style=\"color: #800080; text-decoration: underline;\">Afin de r\u00e9pondre aux besoins des parents, une seconde micro-cr\u00e8che Tanzanya ouvrira ses portes en 2025 rue de la Montagne \u00e0 Forbach<\/span><\/span><\/p>\t\t\t\t\t\t<\/div>\n\t\t\t\t<\/div>\n\t\t\t\t\t<\/div>\n\t\t\t\t<\/div>\n\t\t\t\t<\/div>\n\t\t","protected":false},"excerpt":{"rendered":"<p>Les cr\u00e8ches Tanzanya La micro-cr\u00e8che Tanzanya de Forbach a \u00e9t\u00e9 imagin\u00e9e et pens\u00e9e pour le bien-\u00eatre et la s\u00e9curit\u00e9 des enfants.\u00a0 La salle de vie de plus de 70m2 leur offre la possibilit\u00e9 d&rsquo;\u00e9voluer dans un espace d&rsquo;exp\u00e9rimentation dans lequel ils peuvent se mouvoir \u00e0 leur aise. La structure se pr\u00e9sente ainsi: Une salle de [&hellip;]<\/p>\n","protected":false},"author":1,"featured_media":0,"parent":0,"menu_order":0,"comment_status":"closed","ping_status":"closed","template":"elementor_header_footer","meta":{"ocean_post_layout":"","ocean_both_sidebars_style":"","ocean_both_sidebars_content_width":0,"ocean_both_sidebars_sidebars_width":0,"ocean_sidebar":"","ocean_second_sidebar":"","ocean_disable_margins":"enable","ocean_add_body_class":"","ocean_shortcode_before_top_bar":"","ocean_shortcode_after_top_bar":"","ocean_shortcode_before_header":"","ocean_shortcode_after_header":"","ocean_has_shortcode":"","ocean_shortcode_after_title":"","ocean_shortcode_before_footer_widgets":"","ocean_shortcode_after_footer_widgets":"","ocean_shortcode_before_footer_bottom":"","ocean_shortcode_after_footer_bottom":"","ocean_display_top_bar":"default","ocean_display_header":"default","ocean_header_style":"","ocean_center_header_left_menu":"","ocean_custom_header_template":"","ocean_custom_logo":0,"ocean_custom_retina_logo":0,"ocean_custom_logo_max_width":0,"ocean_custom_logo_tablet_max_width":0,"ocean_custom_logo_mobile_max_width":0,"ocean_custom_logo_max_height":0,"ocean_custom_logo_tablet_max_height":0,"ocean_custom_logo_mobile_max_height":0,"ocean_header_custom_menu":"","ocean_menu_typo_font_family":"","ocean_menu_typo_font_subset":"","ocean_menu_typo_font_size":0,"ocean_menu_typo_font_size_tablet":0,"ocean_menu_typo_font_size_mobile":0,"ocean_menu_typo_font_size_unit":"px","ocean_menu_typo_font_weight":"","ocean_menu_typo_font_weight_tablet":"","ocean_menu_typo_font_weight_mobile":"","ocean_menu_typo_transform":"","ocean_menu_typo_transform_tablet":"","ocean_menu_typo_transform_mobile":"","ocean_menu_typo_line_height":0,"ocean_menu_typo_line_height_tablet":0,"ocean_menu_typo_line_height_mobile":0,"ocean_menu_typo_line_height_unit":"","ocean_menu_typo_spacing":0,"ocean_menu_typo_spacing_tablet":0,"ocean_menu_typo_spacing_mobile":0,"ocean_menu_typo_spacing_unit":"","ocean_menu_link_color":"","ocean_menu_link_color_hover":"","ocean_menu_link_color_active":"","ocean_menu_link_background":"","ocean_menu_link_hover_background":"","ocean_menu_link_active_background":"","ocean_menu_social_links_bg":"","ocean_menu_social_hover_links_bg":"","ocean_menu_social_links_color":"","ocean_menu_social_hover_links_color":"","ocean_disable_title":"default","ocean_disable_heading":"default","ocean_post_title":"","ocean_post_subheading":"","ocean_post_title_style":"","ocean_post_title_background_color":"","ocean_post_title_background":0,"ocean_post_title_bg_image_position":"","ocean_post_title_bg_image_attachment":"","ocean_post_title_bg_image_repeat":"","ocean_post_title_bg_image_size":"","ocean_post_title_height":0,"ocean_post_title_bg_overlay":0.5,"ocean_post_title_bg_overlay_color":"","ocean_disable_breadcrumbs":"default","ocean_breadcrumbs_color":"","ocean_breadcrumbs_separator_color":"","ocean_breadcrumbs_links_color":"","ocean_breadcrumbs_links_hover_color":"","ocean_display_footer_widgets":"default","ocean_display_footer_bottom":"default","ocean_custom_footer_template":"","two_page_speed":[],"footnotes":""},"yoast_head":"<!-- This site is optimized with the Yoast SEO plugin v24.5 - https:\/\/yoast.com\/wordpress\/plugins\/seo\/ -->\n<title>D\u00e9couvrez nos Micro-Cr\u00e8ches Tanzanya<\/title>\n<meta name=\"description\" content=\"Venez d\u00e9couvrir nos micro-cr\u00e8ches Tanzanya \u00e0 Forbach. Sp\u00e9cialiste de la petite enfance en accueil r\u00e9gulier, occasionnels ou d&#039;urgence.\" \/>\n<meta name=\"robots\" content=\"index, follow, max-snippet:-1, max-image-preview:large, max-video-preview:-1\" \/>\n<link rel=\"canonical\" href=\"https:\/\/tanzanya.fr\/accueil\/?page_id=34\" \/>\n<meta property=\"og:locale\" content=\"fr_FR\" \/>\n<meta property=\"og:type\" content=\"article\" \/>\n<meta property=\"og:title\" content=\"D\u00e9couvrez nos Micro-Cr\u00e8ches Tanzanya\" \/>\n<meta property=\"og:description\" content=\"Venez d\u00e9couvrir nos micro-cr\u00e8ches Tanzanya \u00e0 Forbach. Sp\u00e9cialiste de la petite enfance en accueil r\u00e9gulier, occasionnels ou d&#039;urgence.\" \/>\n<meta property=\"og:url\" content=\"https:\/\/tanzanya.fr\/accueil\/?page_id=34\" \/>\n<meta property=\"og:site_name\" content=\"Tanzanya\" \/>\n<meta property=\"article:modified_time\" content=\"2024-05-01T13:07:30+00:00\" \/>\n<meta property=\"og:image\" content=\"https:\/\/tanzanya.fr\/wp-content\/uploads\/2024\/05\/boehmer-architecte.png\" \/>\n<meta name=\"twitter:card\" content=\"summary_large_image\" \/>\n<meta name=\"twitter:label1\" content=\"Dur\u00e9e de lecture estim\u00e9e\" \/>\n\t<meta name=\"twitter:data1\" content=\"2 minutes\" \/>\n<script type=\"application\/ld+json\" class=\"yoast-schema-graph\">{\"@context\":\"https:\/\/schema.org\",\"@graph\":[{\"@type\":\"WebPage\",\"@id\":\"https:\/\/tanzanya.fr\/accueil\/?page_id=34\",\"url\":\"https:\/\/tanzanya.fr\/accueil\/?page_id=34\",\"name\":\"D\u00e9couvrez nos Micro-Cr\u00e8ches Tanzanya\",\"isPartOf\":{\"@id\":\"https:\/\/tanzanya.fr\/accueil\/#website\"},\"primaryImageOfPage\":{\"@id\":\"https:\/\/tanzanya.fr\/accueil\/?page_id=34#primaryimage\"},\"image\":{\"@id\":\"https:\/\/tanzanya.fr\/accueil\/?page_id=34#primaryimage\"},\"thumbnailUrl\":\"https:\/\/tanzanya.fr\/wp-content\/uploads\/2024\/05\/boehmer-architecte.png\",\"datePublished\":\"2024-01-31T18:00:14+00:00\",\"dateModified\":\"2024-05-01T13:07:30+00:00\",\"description\":\"Venez d\u00e9couvrir nos micro-cr\u00e8ches Tanzanya \u00e0 Forbach. Sp\u00e9cialiste de la petite enfance en accueil r\u00e9gulier, occasionnels ou d'urgence.\",\"breadcrumb\":{\"@id\":\"https:\/\/tanzanya.fr\/accueil\/?page_id=34#breadcrumb\"},\"inLanguage\":\"fr-FR\",\"potentialAction\":[{\"@type\":\"ReadAction\",\"target\":[\"https:\/\/tanzanya.fr\/accueil\/?page_id=34\"]}]},{\"@type\":\"ImageObject\",\"inLanguage\":\"fr-FR\",\"@id\":\"https:\/\/tanzanya.fr\/accueil\/?page_id=34#primaryimage\",\"url\":\"https:\/\/tanzanya.fr\/wp-content\/uploads\/2024\/05\/boehmer-architecte.png\",\"contentUrl\":\"https:\/\/tanzanya.fr\/wp-content\/uploads\/2024\/05\/boehmer-architecte.png\"},{\"@type\":\"BreadcrumbList\",\"@id\":\"https:\/\/tanzanya.fr\/accueil\/?page_id=34#breadcrumb\",\"itemListElement\":[{\"@type\":\"ListItem\",\"position\":1,\"name\":\"Accueil\",\"item\":\"https:\/\/tanzanya.fr\/accueil\/\"},{\"@type\":\"ListItem\",\"position\":2,\"name\":\"Cr\u00e8ches\"}]},{\"@type\":\"WebSite\",\"@id\":\"https:\/\/tanzanya.fr\/accueil\/#website\",\"url\":\"https:\/\/tanzanya.fr\/accueil\/\",\"name\":\"Tanzanya\",\"description\":\"Sp\u00e9cialiste de l&#039;accueil pour enfants \u00e2g\u00e9s de 10 mois \u00e0 3 ans. Capacit\u00e9 d&#039;accueil de 12 enfants.\",\"publisher\":{\"@id\":\"https:\/\/tanzanya.fr\/accueil\/#organization\"},\"potentialAction\":[{\"@type\":\"SearchAction\",\"target\":{\"@type\":\"EntryPoint\",\"urlTemplate\":\"https:\/\/tanzanya.fr\/accueil\/?s={search_term_string}\"},\"query-input\":{\"@type\":\"PropertyValueSpecification\",\"valueRequired\":true,\"valueName\":\"search_term_string\"}}],\"inLanguage\":\"fr-FR\"},{\"@type\":\"Organization\",\"@id\":\"https:\/\/tanzanya.fr\/accueil\/#organization\",\"name\":\"Tanzanya\",\"url\":\"https:\/\/tanzanya.fr\/accueil\/\",\"logo\":{\"@type\":\"ImageObject\",\"inLanguage\":\"fr-FR\",\"@id\":\"https:\/\/tanzanya.fr\/accueil\/#\/schema\/logo\/image\/\",\"url\":\"https:\/\/tanzanya.fr\/wp-content\/uploads\/2024\/03\/cropped-nouveau.png\",\"contentUrl\":\"https:\/\/tanzanya.fr\/wp-content\/uploads\/2024\/03\/cropped-nouveau.png\",\"width\":362,\"height\":410,\"caption\":\"Tanzanya\"},\"image\":{\"@id\":\"https:\/\/tanzanya.fr\/accueil\/#\/schema\/logo\/image\/\"}}]}<\/script>\n<!-- \/ Yoast SEO plugin. -->","yoast_head_json":{"title":"D\u00e9couvrez nos Micro-Cr\u00e8ches Tanzanya","description":"Venez d\u00e9couvrir nos micro-cr\u00e8ches Tanzanya \u00e0 Forbach. Sp\u00e9cialiste de la petite enfance en accueil r\u00e9gulier, occasionnels ou d'urgence.","robots":{"index":"index","follow":"follow","max-snippet":"max-snippet:-1","max-image-preview":"max-image-preview:large","max-video-preview":"max-video-preview:-1"},"canonical":"https:\/\/tanzanya.fr\/accueil\/?page_id=34","og_locale":"fr_FR","og_type":"article","og_title":"D\u00e9couvrez nos Micro-Cr\u00e8ches Tanzanya","og_description":"Venez d\u00e9couvrir nos micro-cr\u00e8ches Tanzanya \u00e0 Forbach. Sp\u00e9cialiste de la petite enfance en accueil r\u00e9gulier, occasionnels ou d'urgence.","og_url":"https:\/\/tanzanya.fr\/accueil\/?page_id=34","og_site_name":"Tanzanya","article_modified_time":"2024-05-01T13:07:30+00:00","og_image":[{"url":"https:\/\/tanzanya.fr\/wp-content\/uploads\/2024\/05\/boehmer-architecte.png","type":"","width":"","height":""}],"twitter_card":"summary_large_image","twitter_misc":{"Dur\u00e9e de lecture estim\u00e9e":"2 minutes"},"schema":{"@context":"https:\/\/schema.org","@graph":[{"@type":"WebPage","@id":"https:\/\/tanzanya.fr\/accueil\/?page_id=34","url":"https:\/\/tanzanya.fr\/accueil\/?page_id=34","name":"D\u00e9couvrez nos Micro-Cr\u00e8ches Tanzanya","isPartOf":{"@id":"https:\/\/tanzanya.fr\/accueil\/#website"},"primaryImageOfPage":{"@id":"https:\/\/tanzanya.fr\/accueil\/?page_id=34#primaryimage"},"image":{"@id":"https:\/\/tanzanya.fr\/accueil\/?page_id=34#primaryimage"},"thumbnailUrl":"https:\/\/tanzanya.fr\/wp-content\/uploads\/2024\/05\/boehmer-architecte.png","datePublished":"2024-01-31T18:00:14+00:00","dateModified":"2024-05-01T13:07:30+00:00","description":"Venez d\u00e9couvrir nos micro-cr\u00e8ches Tanzanya \u00e0 Forbach. Sp\u00e9cialiste de la petite enfance en accueil r\u00e9gulier, occasionnels ou d'urgence.","breadcrumb":{"@id":"https:\/\/tanzanya.fr\/accueil\/?page_id=34#breadcrumb"},"inLanguage":"fr-FR","potentialAction":[{"@type":"ReadAction","target":["https:\/\/tanzanya.fr\/accueil\/?page_id=34"]}]},{"@type":"ImageObject","inLanguage":"fr-FR","@id":"https:\/\/tanzanya.fr\/accueil\/?page_id=34#primaryimage","url":"https:\/\/tanzanya.fr\/wp-content\/uploads\/2024\/05\/boehmer-architecte.png","contentUrl":"https:\/\/tanzanya.fr\/wp-content\/uploads\/2024\/05\/boehmer-architecte.png"},{"@type":"BreadcrumbList","@id":"https:\/\/tanzanya.fr\/accueil\/?page_id=34#breadcrumb","itemListElement":[{"@type":"ListItem","position":1,"name":"Accueil","item":"https:\/\/tanzanya.fr\/accueil\/"},{"@type":"ListItem","position":2,"name":"Cr\u00e8ches"}]},{"@type":"WebSite","@id":"https:\/\/tanzanya.fr\/accueil\/#website","url":"https:\/\/tanzanya.fr\/accueil\/","name":"Tanzanya","description":"Sp\u00e9cialiste de l&#039;accueil pour enfants \u00e2g\u00e9s de 10 mois \u00e0 3 ans. Capacit\u00e9 d&#039;accueil de 12 enfants.","publisher":{"@id":"https:\/\/tanzanya.fr\/accueil\/#organization"},"potentialAction":[{"@type":"SearchAction","target":{"@type":"EntryPoint","urlTemplate":"https:\/\/tanzanya.fr\/accueil\/?s={search_term_string}"},"query-input":{"@type":"PropertyValueSpecification","valueRequired":true,"valueName":"search_term_string"}}],"inLanguage":"fr-FR"},{"@type":"Organization","@id":"https:\/\/tanzanya.fr\/accueil\/#organization","name":"Tanzanya","url":"https:\/\/tanzanya.fr\/accueil\/","logo":{"@type":"ImageObject","inLanguage":"fr-FR","@id":"https:\/\/tanzanya.fr\/accueil\/#\/schema\/logo\/image\/","url":"https:\/\/tanzanya.fr\/wp-content\/uploads\/2024\/03\/cropped-nouveau.png","contentUrl":"https:\/\/tanzanya.fr\/wp-content\/uploads\/2024\/03\/cropped-nouveau.png","width":362,"height":410,"caption":"Tanzanya"},"image":{"@id":"https:\/\/tanzanya.fr\/accueil\/#\/schema\/logo\/image\/"}}]}},"_links":{"self":[{"href":"https:\/\/tanzanya.fr\/accueil\/index.php?rest_route=\/wp\/v2\/pages\/34"}],"collection":[{"href":"https:\/\/tanzanya.fr\/accueil\/index.php?rest_route=\/wp\/v2\/pages"}],"about":[{"href":"https:\/\/tanzanya.fr\/accueil\/index.php?rest_route=\/wp\/v2\/types\/page"}],"author":[{"embeddable":true,"href":"https:\/\/tanzanya.fr\/accueil\/index.php?rest_route=\/wp\/v2\/users\/1"}],"replies":[{"embeddable":true,"href":"https:\/\/tanzanya.fr\/accueil\/index.php?rest_route=%2Fwp%2Fv2%2Fcomments&post=34"}],"version-history":[{"count":23,"href":"https:\/\/tanzanya.fr\/accueil\/index.php?rest_route=\/wp\/v2\/pages\/34\/revisions"}],"predecessor-version":[{"id":1950,"href":"https:\/\/tanzanya.fr\/accueil\/index.php?rest_route=\/wp\/v2\/pages\/34\/revisions\/1950"}],"wp:attachment":[{"href":"https:\/\/tanzanya.fr\/accueil\/index.php?rest_route=%2Fwp%2Fv2%2Fmedia&parent=34"}],"curies":[{"name":"wp","href":"https:\/\/api.w.org\/{rel}","templated":true}]}}