{"id":1845,"date":"2024-04-27T16:26:31","date_gmt":"2024-04-27T14:26:31","guid":{"rendered":"https:\/\/tanzanya.fr\/accueil\/?page_id=1845"},"modified":"2024-04-27T17:28:20","modified_gmt":"2024-04-27T15:28:20","slug":"notre-pedagogie","status":"publish","type":"page","link":"https:\/\/tanzanya.fr\/accueil\/?page_id=1845","title":{"rendered":"Notre p\u00e9dagogie"},"content":{"rendered":"\t\t<div data-elementor-type=\"wp-page\" data-elementor-id=\"1845\" class=\"elementor elementor-1845\">\n\t\t\t\t<div class=\"elementor-element elementor-element-2b6cc30 e-flex e-con-boxed e-con e-parent\" data-id=\"2b6cc30\" data-element_type=\"container\">\n\t\t\t\t\t<div class=\"e-con-inner\">\n\t\t\t\t<div class=\"elementor-element elementor-element-5256707 elementor-widget__width-initial elementor-widget elementor-widget-text-editor\" data-id=\"5256707\" data-element_type=\"widget\" data-widget_type=\"text-editor.default\">\n\t\t\t\t<div class=\"elementor-widget-container\">\n\t\t\t<style>\/*! elementor - v3.21.0 - 26-05-2024 *\/\n.elementor-widget-text-editor.elementor-drop-cap-view-stacked .elementor-drop-cap{background-color:#69727d;color:#fff}.elementor-widget-text-editor.elementor-drop-cap-view-framed .elementor-drop-cap{color:#69727d;border:3px solid;background-color:transparent}.elementor-widget-text-editor:not(.elementor-drop-cap-view-default) .elementor-drop-cap{margin-top:8px}.elementor-widget-text-editor:not(.elementor-drop-cap-view-default) .elementor-drop-cap-letter{width:1em;height:1em}.elementor-widget-text-editor .elementor-drop-cap{float:left;text-align:center;line-height:1;font-size:50px}.elementor-widget-text-editor .elementor-drop-cap-letter{display:inline-block}<\/style>\t\t\t\t<h2 style=\"text-align: center;\">Notre p\u00e9dagogie<\/h2>\t\t\t\t\t\t<\/div>\n\t\t\t\t<\/div>\n\t\t\t\t\t<\/div>\n\t\t\t\t<\/div>\n\t\t<div class=\"elementor-element elementor-element-9b6a4e2 e-flex e-con-boxed e-con e-parent\" data-id=\"9b6a4e2\" data-element_type=\"container\">\n\t\t\t\t\t<div class=\"e-con-inner\">\n\t\t\t\t<div class=\"elementor-element elementor-element-ec4514e elementor-widget-mobile__width-initial elementor-widget elementor-widget-text-editor\" data-id=\"ec4514e\" data-element_type=\"widget\" data-widget_type=\"text-editor.default\">\n\t\t\t\t<div class=\"elementor-widget-container\">\n\t\t\t\t\t\t\t<p>La p\u00e9dagogie positive est une approche \u00e9ducative qui se concentre sur les comportements positifs, la bienveillance et l\u2019encouragement, afin d\u2019aider les enfants \u00e0 d\u00e9velopper leur confiance en soi, leur motivation et leur cr\u00e9ativit\u00e9.<\/p><p>Chez Tanzanya, la p\u00e9dagogie positive est une priorit\u00e9 car nous pensons que les enfants r\u00e9pondent mieux \u00e0 une approche positive et bienveillante.<\/p><p>C\u2019est ainsi que nous accueillons chaque enfant en mettant en pratique les6principes de base de la\u00a0p\u00e9dagogie positive :<\/p><ul><li>la reconnaissance positive,<\/li><li>le renforcement des comportements positifs,<\/li><li>la mise en place de limites claires et respectueuses,<\/li><li>la collaboration et le respect mutuel,<\/li><li>la prise en compte des besoins individuels de chaque enfant,<\/li><li>la promotion de l\u2019autonomie et de la responsabilit\u00e9.<\/li><\/ul><p>Notre objectif est ainsi d\u2019aider les enfants \u00e0 se d\u00e9velopper de mani\u00e8re positive tout en renfor\u00e7ant leurs comp\u00e9tences sociales, \u00e9motionnelles et cognitives.<\/p><h3>Nos r\u00e9f\u00e9rences p\u00e9dagogiques?<\/h3><ul><li><h5><span style=\"text-decoration: underline;\">La p\u00e9dagogie Pikler-Loczy<\/span><\/h5><\/li><\/ul><p>Cette p\u00e9dagogie bas\u00e9e sur le respect de l\u2019enfant, la confiance en ses comp\u00e9tences inn\u00e9es, vise \u00e0 guider l\u2019enfant vers l\u2019autonomie. Chez Tanzanya, nous pensons que l\u2019enfant est naturellement comp\u00e9tent. A la cr\u00e8che Tanzanya, l\u2019enfant est amen\u00e9 \u00e0 explorer, tester, d\u00e9passer ses limites, encourag\u00e9 par l\u2019adulte qui croit en lui. L\u2019espace propos\u00e9 aux enfants permet ainsi aux enfants de travailler leur coordination, de renforcer leurs muscles, d\u2019am\u00e9liorer leur \u00e9quilibre, de d\u00e9velopper leur concentration et par cons\u00e9quent de construire leur confiance en soi.<\/p><ul><li><h5><span style=\"text-decoration: underline;\">Activit\u00e9s Montessori<\/span><\/h5><\/li><\/ul><p>Tout en \u00e9tant ancr\u00e9 dans l\u2019\u00e9ducation positive, notre p\u00e9dagogie s\u2019inspire des travaux de Maria Montessori selon laquelle l\u2019enfant apprend \u00e0 faire seul. La philosophie est identique \u00e0 celle d\u2019Emile Pikler, il s\u2019agit de\u00a0donner aux enfants les cl\u00e9s de l\u2019autonomie\u00a0et de la confiance en soi d\u00e8s le plus jeune \u00e2ge.<\/p><p>Des activit\u00e9s quotidiennes de vie pratique sont mises \u00e0 disposition des enfants et se caract\u00e9risent par 3 cat\u00e9gories :<\/p><ol><li>Les activit\u00e9s de motricit\u00e9\u00a0: trier, verser, ouvrir, fermer\u2026<\/li><li>Les activit\u00e9s de soin \u00e0 la personne\u00a0: se laver les mains, mettre son manteau, faire des lacets\u2026<\/li><li>Des activit\u00e9s de soin de l\u2019environnement : nettoyer la table, mettre le couvert, s\u2019occuper des plantes, jardiner\u2026.<\/li><\/ol><h3>\u00a0<\/h3><h3>Nos objectifs p\u00e9dagogiques?<\/h3><ul><li>Accueillir l\u2019enfant avec sa famille, son histoire, ses valeurs et ses croyances,<\/li><li>Permettre \u00e0 tous les enfants de s\u2019\u00e9panouir pleinement en respectant son rythme et en lui apportant la s\u00e9curit\u00e9 affective n\u00e9cessaire \u00e0 son d\u00e9veloppement,<\/li><li>Instaurer du lien entre la vie de famille et la vie dans la collectivit\u00e9,<\/li><li>Favoriser l\u2019acquisition de l\u2019autonomie progressive,<\/li><li>Favoriser l\u2019inclusion et apprendre \u00e0 vivre ensemble dans la diversit\u00e9\u00a0: petits, grands, et porteurs de handicap.<\/li><li>Consid\u00e9rer l\u2019enfant comme un \u00eatre \u00e0 part enti\u00e8re ayant des d\u00e9sirs d\u00e8s son plus jeune \u00e2ge.<\/li><\/ul>\t\t\t\t\t\t<\/div>\n\t\t\t\t<\/div>\n\t\t\t\t\t<\/div>\n\t\t\t\t<\/div>\n\t\t<div class=\"elementor-element elementor-element-22a7883 e-flex e-con-boxed e-con e-parent\" data-id=\"22a7883\" data-element_type=\"container\">\n\t\t\t\t\t<div class=\"e-con-inner\">\n\t\t\t\t<div class=\"elementor-element elementor-element-eb25120 elementor-widget__width-initial elementor-absolute elementor-widget elementor-widget-image\" data-id=\"eb25120\" data-element_type=\"widget\" data-settings=\"{&quot;_position&quot;:&quot;absolute&quot;}\" data-widget_type=\"image.default\">\n\t\t\t\t<div class=\"elementor-widget-container\">\n\t\t\t<style>\/*! elementor - v3.21.0 - 26-05-2024 *\/\n.elementor-widget-image{text-align:center}.elementor-widget-image a{display:inline-block}.elementor-widget-image a img[src$=\".svg\"]{width:48px}.elementor-widget-image img{vertical-align:middle;display:inline-block}<\/style>\t\t\t\t\t\t\t\t\t\t<img fetchpriority=\"high\" decoding=\"async\" width=\"303\" height=\"316\" src=\"https:\/\/tanzanya.fr\/wp-content\/uploads\/2024\/04\/pedagogie.png\" class=\"attachment-large size-large wp-image-1877\" alt=\"\" srcset=\"https:\/\/tanzanya.fr\/wp-content\/uploads\/2024\/04\/pedagogie.png 303w, https:\/\/tanzanya.fr\/wp-content\/uploads\/2024\/04\/pedagogie-288x300.png 288w\" sizes=\"(max-width: 303px) 100vw, 303px\" \/>\t\t\t\t\t\t\t\t\t\t\t\t\t<\/div>\n\t\t\t\t<\/div>\n\t\t\t\t\t<\/div>\n\t\t\t\t<\/div>\n\t\t<div class=\"elementor-element elementor-element-42667e9 e-flex e-con-boxed e-con e-parent\" data-id=\"42667e9\" data-element_type=\"container\">\n\t\t\t\t\t<div class=\"e-con-inner\">\n\t\t\t\t\t<\/div>\n\t\t\t\t<\/div>\n\t\t<div class=\"elementor-element elementor-element-fdb2d96 e-flex e-con-boxed e-con e-parent\" data-id=\"fdb2d96\" data-element_type=\"container\">\n\t\t\t\t\t<div class=\"e-con-inner\">\n\t\t<div class=\"elementor-element elementor-element-cc58a18 e-con-full e-flex e-con e-child\" data-id=\"cc58a18\" data-element_type=\"container\">\n\t\t\t\t<\/div>\n\t\t<div class=\"elementor-element elementor-element-ce4a7ff e-con-full e-flex e-con e-child\" data-id=\"ce4a7ff\" data-element_type=\"container\">\n\t\t\t\t<\/div>\n\t\t\t\t<div class=\"elementor-element elementor-element-722152e elementor-widget-tablet__width-initial elementor-absolute elementor-hidden-desktop elementor-hidden-mobile elementor-widget elementor-widget-image\" data-id=\"722152e\" data-element_type=\"widget\" data-settings=\"{&quot;_position&quot;:&quot;absolute&quot;}\" data-widget_type=\"image.default\">\n\t\t\t\t<div class=\"elementor-widget-container\">\n\t\t\t\t\t\t\t\t\t\t\t\t\t<img fetchpriority=\"high\" decoding=\"async\" width=\"303\" height=\"316\" src=\"https:\/\/tanzanya.fr\/wp-content\/uploads\/2024\/04\/pedagogie.png\" class=\"attachment-large size-large wp-image-1877\" alt=\"\" srcset=\"https:\/\/tanzanya.fr\/wp-content\/uploads\/2024\/04\/pedagogie.png 303w, https:\/\/tanzanya.fr\/wp-content\/uploads\/2024\/04\/pedagogie-288x300.png 288w\" sizes=\"(max-width: 303px) 100vw, 303px\" \/>\t\t\t\t\t\t\t\t\t\t\t\t\t<\/div>\n\t\t\t\t<\/div>\n\t\t\t\t\t<\/div>\n\t\t\t\t<\/div>\n\t\t<div class=\"elementor-element elementor-element-8e636a2 e-flex e-con-boxed e-con e-parent\" data-id=\"8e636a2\" data-element_type=\"container\">\n\t\t\t\t\t<div class=\"e-con-inner\">\n\t\t\t\t\t<\/div>\n\t\t\t\t<\/div>\n\t\t\t\t<\/div>\n\t\t","protected":false},"excerpt":{"rendered":"<p>Notre p\u00e9dagogie La p\u00e9dagogie positive est une approche \u00e9ducative qui se concentre sur les comportements positifs, la bienveillance et l\u2019encouragement, afin d\u2019aider les enfants \u00e0 d\u00e9velopper leur confiance en soi, leur motivation et leur cr\u00e9ativit\u00e9. Chez Tanzanya, la p\u00e9dagogie positive est une priorit\u00e9 car nous pensons que les enfants r\u00e9pondent mieux \u00e0 une approche positive [&hellip;]<\/p>\n","protected":false},"author":1,"featured_media":0,"parent":0,"menu_order":0,"comment_status":"closed","ping_status":"closed","template":"elementor_header_footer","meta":{"ocean_post_layout":"","ocean_both_sidebars_style":"","ocean_both_sidebars_content_width":0,"ocean_both_sidebars_sidebars_width":0,"ocean_sidebar":"","ocean_second_sidebar":"","ocean_disable_margins":"enable","ocean_add_body_class":"","ocean_shortcode_before_top_bar":"","ocean_shortcode_after_top_bar":"","ocean_shortcode_before_header":"","ocean_shortcode_after_header":"","ocean_has_shortcode":"","ocean_shortcode_after_title":"","ocean_shortcode_before_footer_widgets":"","ocean_shortcode_after_footer_widgets":"","ocean_shortcode_before_footer_bottom":"","ocean_shortcode_after_footer_bottom":"","ocean_display_top_bar":"default","ocean_display_header":"default","ocean_header_style":"","ocean_center_header_left_menu":"","ocean_custom_header_template":"","ocean_custom_logo":0,"ocean_custom_retina_logo":0,"ocean_custom_logo_max_width":0,"ocean_custom_logo_tablet_max_width":0,"ocean_custom_logo_mobile_max_width":0,"ocean_custom_logo_max_height":0,"ocean_custom_logo_tablet_max_height":0,"ocean_custom_logo_mobile_max_height":0,"ocean_header_custom_menu":"","ocean_menu_typo_font_family":"","ocean_menu_typo_font_subset":"","ocean_menu_typo_font_size":0,"ocean_menu_typo_font_size_tablet":0,"ocean_menu_typo_font_size_mobile":0,"ocean_menu_typo_font_size_unit":"px","ocean_menu_typo_font_weight":"","ocean_menu_typo_font_weight_tablet":"","ocean_menu_typo_font_weight_mobile":"","ocean_menu_typo_transform":"","ocean_menu_typo_transform_tablet":"","ocean_menu_typo_transform_mobile":"","ocean_menu_typo_line_height":0,"ocean_menu_typo_line_height_tablet":0,"ocean_menu_typo_line_height_mobile":0,"ocean_menu_typo_line_height_unit":"","ocean_menu_typo_spacing":0,"ocean_menu_typo_spacing_tablet":0,"ocean_menu_typo_spacing_mobile":0,"ocean_menu_typo_spacing_unit":"","ocean_menu_link_color":"","ocean_menu_link_color_hover":"","ocean_menu_link_color_active":"","ocean_menu_link_background":"","ocean_menu_link_hover_background":"","ocean_menu_link_active_background":"","ocean_menu_social_links_bg":"","ocean_menu_social_hover_links_bg":"","ocean_menu_social_links_color":"","ocean_menu_social_hover_links_color":"","ocean_disable_title":"default","ocean_disable_heading":"default","ocean_post_title":"","ocean_post_subheading":"","ocean_post_title_style":"","ocean_post_title_background_color":"","ocean_post_title_background":0,"ocean_post_title_bg_image_position":"","ocean_post_title_bg_image_attachment":"","ocean_post_title_bg_image_repeat":"","ocean_post_title_bg_image_size":"","ocean_post_title_height":0,"ocean_post_title_bg_overlay":0.5,"ocean_post_title_bg_overlay_color":"","ocean_disable_breadcrumbs":"default","ocean_breadcrumbs_color":"","ocean_breadcrumbs_separator_color":"","ocean_breadcrumbs_links_color":"","ocean_breadcrumbs_links_hover_color":"","ocean_display_footer_widgets":"default","ocean_display_footer_bottom":"default","ocean_custom_footer_template":"","two_page_speed":[],"footnotes":""},"yoast_head":"<!-- This site is optimized with the Yoast SEO plugin v24.5 - https:\/\/yoast.com\/wordpress\/plugins\/seo\/ -->\n<title>Notre p\u00e9dagogie - Tanzanya<\/title>\n<meta name=\"robots\" content=\"index, follow, max-snippet:-1, max-image-preview:large, max-video-preview:-1\" \/>\n<link rel=\"canonical\" href=\"https:\/\/tanzanya.fr\/accueil\/?page_id=1845\" \/>\n<meta property=\"og:locale\" content=\"fr_FR\" \/>\n<meta property=\"og:type\" content=\"article\" \/>\n<meta property=\"og:title\" content=\"Notre p\u00e9dagogie - Tanzanya\" \/>\n<meta property=\"og:description\" content=\"Notre p\u00e9dagogie La p\u00e9dagogie positive est une approche \u00e9ducative qui se concentre sur les comportements positifs, la bienveillance et l\u2019encouragement, afin d\u2019aider les enfants \u00e0 d\u00e9velopper leur confiance en soi, leur motivation et leur cr\u00e9ativit\u00e9. Chez Tanzanya, la p\u00e9dagogie positive est une priorit\u00e9 car nous pensons que les enfants r\u00e9pondent mieux \u00e0 une approche positive [&hellip;]\" \/>\n<meta property=\"og:url\" content=\"https:\/\/tanzanya.fr\/accueil\/?page_id=1845\" \/>\n<meta property=\"og:site_name\" content=\"Tanzanya\" \/>\n<meta property=\"article:modified_time\" content=\"2024-04-27T15:28:20+00:00\" \/>\n<meta property=\"og:image\" content=\"https:\/\/tanzanya.fr\/wp-content\/uploads\/2024\/04\/pedagogie.png\" \/>\n<meta name=\"twitter:card\" content=\"summary_large_image\" \/>\n<meta name=\"twitter:label1\" content=\"Dur\u00e9e de lecture estim\u00e9e\" \/>\n\t<meta name=\"twitter:data1\" content=\"3 minutes\" \/>\n<script type=\"application\/ld+json\" class=\"yoast-schema-graph\">{\"@context\":\"https:\/\/schema.org\",\"@graph\":[{\"@type\":\"WebPage\",\"@id\":\"https:\/\/tanzanya.fr\/accueil\/?page_id=1845\",\"url\":\"https:\/\/tanzanya.fr\/accueil\/?page_id=1845\",\"name\":\"Notre p\u00e9dagogie - Tanzanya\",\"isPartOf\":{\"@id\":\"https:\/\/tanzanya.fr\/accueil\/#website\"},\"primaryImageOfPage\":{\"@id\":\"https:\/\/tanzanya.fr\/accueil\/?page_id=1845#primaryimage\"},\"image\":{\"@id\":\"https:\/\/tanzanya.fr\/accueil\/?page_id=1845#primaryimage\"},\"thumbnailUrl\":\"https:\/\/tanzanya.fr\/wp-content\/uploads\/2024\/04\/pedagogie.png\",\"datePublished\":\"2024-04-27T14:26:31+00:00\",\"dateModified\":\"2024-04-27T15:28:20+00:00\",\"breadcrumb\":{\"@id\":\"https:\/\/tanzanya.fr\/accueil\/?page_id=1845#breadcrumb\"},\"inLanguage\":\"fr-FR\",\"potentialAction\":[{\"@type\":\"ReadAction\",\"target\":[\"https:\/\/tanzanya.fr\/accueil\/?page_id=1845\"]}]},{\"@type\":\"ImageObject\",\"inLanguage\":\"fr-FR\",\"@id\":\"https:\/\/tanzanya.fr\/accueil\/?page_id=1845#primaryimage\",\"url\":\"https:\/\/tanzanya.fr\/wp-content\/uploads\/2024\/04\/pedagogie.png\",\"contentUrl\":\"https:\/\/tanzanya.fr\/wp-content\/uploads\/2024\/04\/pedagogie.png\"},{\"@type\":\"BreadcrumbList\",\"@id\":\"https:\/\/tanzanya.fr\/accueil\/?page_id=1845#breadcrumb\",\"itemListElement\":[{\"@type\":\"ListItem\",\"position\":1,\"name\":\"Accueil\",\"item\":\"https:\/\/tanzanya.fr\/accueil\/\"},{\"@type\":\"ListItem\",\"position\":2,\"name\":\"Notre p\u00e9dagogie\"}]},{\"@type\":\"WebSite\",\"@id\":\"https:\/\/tanzanya.fr\/accueil\/#website\",\"url\":\"https:\/\/tanzanya.fr\/accueil\/\",\"name\":\"Tanzanya\",\"description\":\"Sp\u00e9cialiste de l&#039;accueil pour enfants \u00e2g\u00e9s de 10 mois \u00e0 3 ans. Capacit\u00e9 d&#039;accueil de 12 enfants.\",\"publisher\":{\"@id\":\"https:\/\/tanzanya.fr\/accueil\/#organization\"},\"potentialAction\":[{\"@type\":\"SearchAction\",\"target\":{\"@type\":\"EntryPoint\",\"urlTemplate\":\"https:\/\/tanzanya.fr\/accueil\/?s={search_term_string}\"},\"query-input\":{\"@type\":\"PropertyValueSpecification\",\"valueRequired\":true,\"valueName\":\"search_term_string\"}}],\"inLanguage\":\"fr-FR\"},{\"@type\":\"Organization\",\"@id\":\"https:\/\/tanzanya.fr\/accueil\/#organization\",\"name\":\"Tanzanya\",\"url\":\"https:\/\/tanzanya.fr\/accueil\/\",\"logo\":{\"@type\":\"ImageObject\",\"inLanguage\":\"fr-FR\",\"@id\":\"https:\/\/tanzanya.fr\/accueil\/#\/schema\/logo\/image\/\",\"url\":\"https:\/\/tanzanya.fr\/wp-content\/uploads\/2024\/03\/cropped-nouveau.png\",\"contentUrl\":\"https:\/\/tanzanya.fr\/wp-content\/uploads\/2024\/03\/cropped-nouveau.png\",\"width\":362,\"height\":410,\"caption\":\"Tanzanya\"},\"image\":{\"@id\":\"https:\/\/tanzanya.fr\/accueil\/#\/schema\/logo\/image\/\"}}]}<\/script>\n<!-- \/ Yoast SEO plugin. -->","yoast_head_json":{"title":"Notre p\u00e9dagogie - Tanzanya","robots":{"index":"index","follow":"follow","max-snippet":"max-snippet:-1","max-image-preview":"max-image-preview:large","max-video-preview":"max-video-preview:-1"},"canonical":"https:\/\/tanzanya.fr\/accueil\/?page_id=1845","og_locale":"fr_FR","og_type":"article","og_title":"Notre p\u00e9dagogie - Tanzanya","og_description":"Notre p\u00e9dagogie La p\u00e9dagogie positive est une approche \u00e9ducative qui se concentre sur les comportements positifs, la bienveillance et l\u2019encouragement, afin d\u2019aider les enfants \u00e0 d\u00e9velopper leur confiance en soi, leur motivation et leur cr\u00e9ativit\u00e9. Chez Tanzanya, la p\u00e9dagogie positive est une priorit\u00e9 car nous pensons que les enfants r\u00e9pondent mieux \u00e0 une approche positive [&hellip;]","og_url":"https:\/\/tanzanya.fr\/accueil\/?page_id=1845","og_site_name":"Tanzanya","article_modified_time":"2024-04-27T15:28:20+00:00","og_image":[{"url":"https:\/\/tanzanya.fr\/wp-content\/uploads\/2024\/04\/pedagogie.png","type":"","width":"","height":""}],"twitter_card":"summary_large_image","twitter_misc":{"Dur\u00e9e de lecture estim\u00e9e":"3 minutes"},"schema":{"@context":"https:\/\/schema.org","@graph":[{"@type":"WebPage","@id":"https:\/\/tanzanya.fr\/accueil\/?page_id=1845","url":"https:\/\/tanzanya.fr\/accueil\/?page_id=1845","name":"Notre p\u00e9dagogie - Tanzanya","isPartOf":{"@id":"https:\/\/tanzanya.fr\/accueil\/#website"},"primaryImageOfPage":{"@id":"https:\/\/tanzanya.fr\/accueil\/?page_id=1845#primaryimage"},"image":{"@id":"https:\/\/tanzanya.fr\/accueil\/?page_id=1845#primaryimage"},"thumbnailUrl":"https:\/\/tanzanya.fr\/wp-content\/uploads\/2024\/04\/pedagogie.png","datePublished":"2024-04-27T14:26:31+00:00","dateModified":"2024-04-27T15:28:20+00:00","breadcrumb":{"@id":"https:\/\/tanzanya.fr\/accueil\/?page_id=1845#breadcrumb"},"inLanguage":"fr-FR","potentialAction":[{"@type":"ReadAction","target":["https:\/\/tanzanya.fr\/accueil\/?page_id=1845"]}]},{"@type":"ImageObject","inLanguage":"fr-FR","@id":"https:\/\/tanzanya.fr\/accueil\/?page_id=1845#primaryimage","url":"https:\/\/tanzanya.fr\/wp-content\/uploads\/2024\/04\/pedagogie.png","contentUrl":"https:\/\/tanzanya.fr\/wp-content\/uploads\/2024\/04\/pedagogie.png"},{"@type":"BreadcrumbList","@id":"https:\/\/tanzanya.fr\/accueil\/?page_id=1845#breadcrumb","itemListElement":[{"@type":"ListItem","position":1,"name":"Accueil","item":"https:\/\/tanzanya.fr\/accueil\/"},{"@type":"ListItem","position":2,"name":"Notre p\u00e9dagogie"}]},{"@type":"WebSite","@id":"https:\/\/tanzanya.fr\/accueil\/#website","url":"https:\/\/tanzanya.fr\/accueil\/","name":"Tanzanya","description":"Sp\u00e9cialiste de l&#039;accueil pour enfants \u00e2g\u00e9s de 10 mois \u00e0 3 ans. Capacit\u00e9 d&#039;accueil de 12 enfants.","publisher":{"@id":"https:\/\/tanzanya.fr\/accueil\/#organization"},"potentialAction":[{"@type":"SearchAction","target":{"@type":"EntryPoint","urlTemplate":"https:\/\/tanzanya.fr\/accueil\/?s={search_term_string}"},"query-input":{"@type":"PropertyValueSpecification","valueRequired":true,"valueName":"search_term_string"}}],"inLanguage":"fr-FR"},{"@type":"Organization","@id":"https:\/\/tanzanya.fr\/accueil\/#organization","name":"Tanzanya","url":"https:\/\/tanzanya.fr\/accueil\/","logo":{"@type":"ImageObject","inLanguage":"fr-FR","@id":"https:\/\/tanzanya.fr\/accueil\/#\/schema\/logo\/image\/","url":"https:\/\/tanzanya.fr\/wp-content\/uploads\/2024\/03\/cropped-nouveau.png","contentUrl":"https:\/\/tanzanya.fr\/wp-content\/uploads\/2024\/03\/cropped-nouveau.png","width":362,"height":410,"caption":"Tanzanya"},"image":{"@id":"https:\/\/tanzanya.fr\/accueil\/#\/schema\/logo\/image\/"}}]}},"_links":{"self":[{"href":"https:\/\/tanzanya.fr\/accueil\/index.php?rest_route=\/wp\/v2\/pages\/1845"}],"collection":[{"href":"https:\/\/tanzanya.fr\/accueil\/index.php?rest_route=\/wp\/v2\/pages"}],"about":[{"href":"https:\/\/tanzanya.fr\/accueil\/index.php?rest_route=\/wp\/v2\/types\/page"}],"author":[{"embeddable":true,"href":"https:\/\/tanzanya.fr\/accueil\/index.php?rest_route=\/wp\/v2\/users\/1"}],"replies":[{"embeddable":true,"href":"https:\/\/tanzanya.fr\/accueil\/index.php?rest_route=%2Fwp%2Fv2%2Fcomments&post=1845"}],"version-history":[{"count":73,"href":"https:\/\/tanzanya.fr\/accueil\/index.php?rest_route=\/wp\/v2\/pages\/1845\/revisions"}],"predecessor-version":[{"id":1924,"href":"https:\/\/tanzanya.fr\/accueil\/index.php?rest_route=\/wp\/v2\/pages\/1845\/revisions\/1924"}],"wp:attachment":[{"href":"https:\/\/tanzanya.fr\/accueil\/index.php?rest_route=%2Fwp%2Fv2%2Fmedia&parent=1845"}],"curies":[{"name":"wp","href":"https:\/\/api.w.org\/{rel}","templated":true}]}}