{"id":17,"date":"2024-01-31T18:01:59","date_gmt":"2024-01-31T17:01:59","guid":{"rendered":"https:\/\/tanzanya.fr\/?page_id=17"},"modified":"2024-04-03T19:59:00","modified_gmt":"2024-04-03T17:59:00","slug":"nous-rejoindre","status":"publish","type":"page","link":"https:\/\/tanzanya.fr\/accueil\/?page_id=17","title":{"rendered":"Le berceau entreprise"},"content":{"rendered":"\t\t<div data-elementor-type=\"wp-page\" data-elementor-id=\"17\" class=\"elementor elementor-17\">\n\t\t\t\t<div class=\"elementor-element elementor-element-3146777 e-con-full e-flex e-con e-parent\" data-id=\"3146777\" data-element_type=\"container\" data-settings=\"{&quot;background_background&quot;:&quot;gradient&quot;}\">\n\t\t\t\t<div class=\"elementor-element elementor-element-3696eb9 elementor-widget__width-initial elementor-widget elementor-widget-text-editor\" data-id=\"3696eb9\" data-element_type=\"widget\" data-widget_type=\"text-editor.default\">\n\t\t\t\t<div class=\"elementor-widget-container\">\n\t\t\t<style>\/*! elementor - v3.21.0 - 26-05-2024 *\/\n.elementor-widget-text-editor.elementor-drop-cap-view-stacked .elementor-drop-cap{background-color:#69727d;color:#fff}.elementor-widget-text-editor.elementor-drop-cap-view-framed .elementor-drop-cap{color:#69727d;border:3px solid;background-color:transparent}.elementor-widget-text-editor:not(.elementor-drop-cap-view-default) .elementor-drop-cap{margin-top:8px}.elementor-widget-text-editor:not(.elementor-drop-cap-view-default) .elementor-drop-cap-letter{width:1em;height:1em}.elementor-widget-text-editor .elementor-drop-cap{float:left;text-align:center;line-height:1;font-size:50px}.elementor-widget-text-editor .elementor-drop-cap-letter{display:inline-block}<\/style>\t\t\t\t<h1 style=\"text-align: center;\"><span style=\"color: #333333;\">Le berceau entreprise<\/span><\/h1>\t\t\t\t\t\t<\/div>\n\t\t\t\t<\/div>\n\t\t\t\t<div class=\"elementor-element elementor-element-8055cc0 elementor-widget-mobile__width-initial elementor-absolute elementor-hidden-desktop elementor-hidden-tablet elementor-widget elementor-widget-image\" data-id=\"8055cc0\" data-element_type=\"widget\" data-settings=\"{&quot;_position&quot;:&quot;absolute&quot;}\" data-widget_type=\"image.default\">\n\t\t\t\t<div class=\"elementor-widget-container\">\n\t\t\t<style>\/*! elementor - v3.21.0 - 26-05-2024 *\/\n.elementor-widget-image{text-align:center}.elementor-widget-image a{display:inline-block}.elementor-widget-image a img[src$=\".svg\"]{width:48px}.elementor-widget-image img{vertical-align:middle;display:inline-block}<\/style>\t\t\t\t\t\t\t\t\t\t<img fetchpriority=\"high\" decoding=\"async\" width=\"487\" height=\"438\" src=\"https:\/\/tanzanya.fr\/wp-content\/uploads\/2024\/02\/Berceau-entreprise.png\" class=\"attachment-large size-large wp-image-575\" alt=\"\" srcset=\"https:\/\/tanzanya.fr\/wp-content\/uploads\/2024\/02\/Berceau-entreprise.png 487w, https:\/\/tanzanya.fr\/wp-content\/uploads\/2024\/02\/Berceau-entreprise-300x270.png 300w\" sizes=\"(max-width: 487px) 100vw, 487px\" \/>\t\t\t\t\t\t\t\t\t\t\t\t\t<\/div>\n\t\t\t\t<\/div>\n\t\t\t\t<\/div>\n\t\t<div class=\"elementor-element elementor-element-29899f8 e-con-full e-flex e-con e-parent\" data-id=\"29899f8\" data-element_type=\"container\">\n\t\t\t\t<div class=\"elementor-element elementor-element-4a537df elementor-widget__width-initial elementor-widget-mobile__width-initial elementor-widget elementor-widget-text-editor\" data-id=\"4a537df\" data-element_type=\"widget\" data-widget_type=\"text-editor.default\">\n\t\t\t\t<div class=\"elementor-widget-container\">\n\t\t\t\t\t\t\t<h3 style=\"text-align: center;\"><span style=\"color: #808080;\">En quoi consiste t-il?<\/span><\/h3><p><span style=\"color: #808080;\">Le berceau entreprise est une place d&rsquo;accueil r\u00e9serv\u00e9e par l&rsquo;entreprise pour son\/ses salari\u00e9(s). L&rsquo;entreprise cotise annuellement pour une place permettant au salari\u00e9 de b\u00e9n\u00e9ficier d&rsquo;un tarif r\u00e9duit, similaire \u00e0 celui d&rsquo;une cr\u00e8che municipale tout en pr\u00e9servant le cadre d&rsquo;une cr\u00e8che priv\u00e9e.<\/span><\/p><h3 style=\"text-align: center;\"><span style=\"color: #808080;\">Pour le salari\u00e9<\/span><\/h3><p><span style=\"color: #808080;\">Sans compter le tarif r\u00e9duit d&rsquo;une telle place, cela vous permettra une reprise du travail facilit\u00e9e apr\u00e8s votre cong\u00e9 parental\/maternit\u00e9 vous permettant de concilier facilement votre vie professionnelle et personnel. Il s&rsquo;agit d&rsquo;un mode de garde rassurant de par ses locaux adapt\u00e9s et gr\u00e2ce \u00e0 une \u00e9quipe de professionnels de la petite enfance dipl\u00f4m\u00e9e.<\/span><\/p><h3 style=\"text-align: center;\"><span style=\"color: #808080;\">Pour l&rsquo;entreprise<\/span><\/h3><p><span style=\"color: #808080;\">L&rsquo;entreprise b\u00e9n\u00e9ficiera des aides fiscales de l&#8217;employeur qui financent \u00e0 hauteur de 83% le co\u00fbt de la r\u00e9servation d&rsquo;un berceau, permettant un co\u00fbt global mensuel inf\u00e9rieur \u00e0 200 euros. Le berceau entreprise est favorable \u00e0 la fid\u00e9lisation, la disponibilit\u00e9 et la s\u00e9r\u00e9nit\u00e9 des salari\u00e9s. L&rsquo;entreprise montre ainsi son implication pour faciliter la conciliation de la vie priv\u00e9e et professionnelle de ses salari\u00e9s et se rend ainsi attentive au bien-\u00eatre de ses collaborateurs. L&rsquo;attractivit\u00e9 de l&rsquo;entreprise est ainsi valoris\u00e9e.<\/span><\/p>\t\t\t\t\t\t<\/div>\n\t\t\t\t<\/div>\n\t\t\t\t<div class=\"elementor-element elementor-element-30d4db5 elementor-widget__width-initial elementor-hidden-mobile elementor-widget elementor-widget-image\" data-id=\"30d4db5\" data-element_type=\"widget\" data-widget_type=\"image.default\">\n\t\t\t\t<div class=\"elementor-widget-container\">\n\t\t\t\t\t\t\t\t\t\t\t\t\t<img fetchpriority=\"high\" decoding=\"async\" width=\"487\" height=\"438\" src=\"https:\/\/tanzanya.fr\/wp-content\/uploads\/2024\/02\/Berceau-entreprise.png\" class=\"attachment-large size-large wp-image-575\" alt=\"\" srcset=\"https:\/\/tanzanya.fr\/wp-content\/uploads\/2024\/02\/Berceau-entreprise.png 487w, https:\/\/tanzanya.fr\/wp-content\/uploads\/2024\/02\/Berceau-entreprise-300x270.png 300w\" sizes=\"(max-width: 487px) 100vw, 487px\" \/>\t\t\t\t\t\t\t\t\t\t\t\t\t<\/div>\n\t\t\t\t<\/div>\n\t\t\t\t<\/div>\n\t\t<div class=\"elementor-element elementor-element-a69c5d6 e-flex e-con-boxed e-con e-parent\" data-id=\"a69c5d6\" data-element_type=\"container\">\n\t\t\t\t\t<div class=\"e-con-inner\">\n\t\t\t\t<div class=\"elementor-element elementor-element-58be9f0 elementor-widget__width-initial elementor-widget-mobile__width-initial elementor-widget elementor-widget-text-editor\" data-id=\"58be9f0\" data-element_type=\"widget\" data-widget_type=\"text-editor.default\">\n\t\t\t\t<div class=\"elementor-widget-container\">\n\t\t\t\t\t\t\t<h2 style=\"text-align: center;\"><span style=\"color: #666699;\">Vous souhaitez avoir davantage d&rsquo;informations \u00e0 ce sujet?<\/span><\/h2>\t\t\t\t\t\t<\/div>\n\t\t\t\t<\/div>\n\t\t\t\t\t<\/div>\n\t\t\t\t<\/div>\n\t\t<div class=\"elementor-element elementor-element-f220b29 e-con-full e-flex e-con e-parent\" data-id=\"f220b29\" data-element_type=\"container\">\n\t\t\t\t<div class=\"elementor-element elementor-element-6c70285 elementor-align-center elementor-widget elementor-widget-button\" data-id=\"6c70285\" data-element_type=\"widget\" data-widget_type=\"button.default\">\n\t\t\t\t<div class=\"elementor-widget-container\">\n\t\t\t\t\t<div class=\"elementor-button-wrapper\">\n\t\t\t<a class=\"elementor-button elementor-button-link elementor-size-md elementor-animation-grow\" href=\"tel:0626375826\">\n\t\t\t\t\t\t<span class=\"elementor-button-content-wrapper\">\n\t\t\t\t\t\t\t\t\t<span class=\"elementor-button-text\">contact@tanzanya.fr<\/span>\n\t\t\t\t\t<\/span>\n\t\t\t\t\t<\/a>\n\t\t<\/div>\n\t\t\t\t<\/div>\n\t\t\t\t<\/div>\n\t\t\t\t<\/div>\n\t\t\t\t<\/div>\n\t\t","protected":false},"excerpt":{"rendered":"<p>Le berceau entreprise En quoi consiste t-il? Le berceau entreprise est une place d&rsquo;accueil r\u00e9serv\u00e9e par l&rsquo;entreprise pour son\/ses salari\u00e9(s). L&rsquo;entreprise cotise annuellement pour une place permettant au salari\u00e9 de b\u00e9n\u00e9ficier d&rsquo;un tarif r\u00e9duit, similaire \u00e0 celui d&rsquo;une cr\u00e8che municipale tout en pr\u00e9servant le cadre d&rsquo;une cr\u00e8che priv\u00e9e. Pour le salari\u00e9 Sans compter le tarif [&hellip;]<\/p>\n","protected":false},"author":1,"featured_media":0,"parent":0,"menu_order":0,"comment_status":"closed","ping_status":"closed","template":"elementor_header_footer","meta":{"ocean_post_layout":"","ocean_both_sidebars_style":"","ocean_both_sidebars_content_width":0,"ocean_both_sidebars_sidebars_width":0,"ocean_sidebar":"","ocean_second_sidebar":"","ocean_disable_margins":"enable","ocean_add_body_class":"","ocean_shortcode_before_top_bar":"","ocean_shortcode_after_top_bar":"","ocean_shortcode_before_header":"","ocean_shortcode_after_header":"","ocean_has_shortcode":"","ocean_shortcode_after_title":"","ocean_shortcode_before_footer_widgets":"","ocean_shortcode_after_footer_widgets":"","ocean_shortcode_before_footer_bottom":"","ocean_shortcode_after_footer_bottom":"","ocean_display_top_bar":"default","ocean_display_header":"default","ocean_header_style":"","ocean_center_header_left_menu":"","ocean_custom_header_template":"","ocean_custom_logo":0,"ocean_custom_retina_logo":0,"ocean_custom_logo_max_width":0,"ocean_custom_logo_tablet_max_width":0,"ocean_custom_logo_mobile_max_width":0,"ocean_custom_logo_max_height":0,"ocean_custom_logo_tablet_max_height":0,"ocean_custom_logo_mobile_max_height":0,"ocean_header_custom_menu":"","ocean_menu_typo_font_family":"","ocean_menu_typo_font_subset":"","ocean_menu_typo_font_size":0,"ocean_menu_typo_font_size_tablet":0,"ocean_menu_typo_font_size_mobile":0,"ocean_menu_typo_font_size_unit":"px","ocean_menu_typo_font_weight":"","ocean_menu_typo_font_weight_tablet":"","ocean_menu_typo_font_weight_mobile":"","ocean_menu_typo_transform":"","ocean_menu_typo_transform_tablet":"","ocean_menu_typo_transform_mobile":"","ocean_menu_typo_line_height":0,"ocean_menu_typo_line_height_tablet":0,"ocean_menu_typo_line_height_mobile":0,"ocean_menu_typo_line_height_unit":"","ocean_menu_typo_spacing":0,"ocean_menu_typo_spacing_tablet":0,"ocean_menu_typo_spacing_mobile":0,"ocean_menu_typo_spacing_unit":"","ocean_menu_link_color":"","ocean_menu_link_color_hover":"","ocean_menu_link_color_active":"","ocean_menu_link_background":"","ocean_menu_link_hover_background":"","ocean_menu_link_active_background":"","ocean_menu_social_links_bg":"","ocean_menu_social_hover_links_bg":"","ocean_menu_social_links_color":"","ocean_menu_social_hover_links_color":"","ocean_disable_title":"default","ocean_disable_heading":"default","ocean_post_title":"","ocean_post_subheading":"","ocean_post_title_style":"","ocean_post_title_background_color":"","ocean_post_title_background":0,"ocean_post_title_bg_image_position":"","ocean_post_title_bg_image_attachment":"","ocean_post_title_bg_image_repeat":"","ocean_post_title_bg_image_size":"","ocean_post_title_height":0,"ocean_post_title_bg_overlay":0.5,"ocean_post_title_bg_overlay_color":"","ocean_disable_breadcrumbs":"default","ocean_breadcrumbs_color":"","ocean_breadcrumbs_separator_color":"","ocean_breadcrumbs_links_color":"","ocean_breadcrumbs_links_hover_color":"","ocean_display_footer_widgets":"default","ocean_display_footer_bottom":"default","ocean_custom_footer_template":"","two_page_speed":[],"footnotes":""},"yoast_head":"<!-- This site is optimized with the Yoast SEO plugin v24.5 - https:\/\/yoast.com\/wordpress\/plugins\/seo\/ -->\n<title>Le berceau entreprise - Tanzanya<\/title>\n<meta name=\"robots\" content=\"index, follow, max-snippet:-1, max-image-preview:large, max-video-preview:-1\" \/>\n<link rel=\"canonical\" href=\"https:\/\/tanzanya.fr\/accueil\/?page_id=17\" \/>\n<meta property=\"og:locale\" content=\"fr_FR\" \/>\n<meta property=\"og:type\" content=\"article\" \/>\n<meta property=\"og:title\" content=\"Le berceau entreprise - Tanzanya\" \/>\n<meta property=\"og:description\" content=\"Le berceau entreprise En quoi consiste t-il? Le berceau entreprise est une place d&rsquo;accueil r\u00e9serv\u00e9e par l&rsquo;entreprise pour son\/ses salari\u00e9(s). L&rsquo;entreprise cotise annuellement pour une place permettant au salari\u00e9 de b\u00e9n\u00e9ficier d&rsquo;un tarif r\u00e9duit, similaire \u00e0 celui d&rsquo;une cr\u00e8che municipale tout en pr\u00e9servant le cadre d&rsquo;une cr\u00e8che priv\u00e9e. Pour le salari\u00e9 Sans compter le tarif [&hellip;]\" \/>\n<meta property=\"og:url\" content=\"https:\/\/tanzanya.fr\/accueil\/?page_id=17\" \/>\n<meta property=\"og:site_name\" content=\"Tanzanya\" \/>\n<meta property=\"article:modified_time\" content=\"2024-04-03T17:59:00+00:00\" \/>\n<meta property=\"og:image\" content=\"https:\/\/tanzanya.fr\/wp-content\/uploads\/2024\/02\/Berceau-entreprise.png\" \/>\n<meta name=\"twitter:card\" content=\"summary_large_image\" \/>\n<meta name=\"twitter:label1\" content=\"Dur\u00e9e de lecture estim\u00e9e\" \/>\n\t<meta name=\"twitter:data1\" content=\"2 minutes\" \/>\n<script type=\"application\/ld+json\" class=\"yoast-schema-graph\">{\"@context\":\"https:\/\/schema.org\",\"@graph\":[{\"@type\":\"WebPage\",\"@id\":\"https:\/\/tanzanya.fr\/accueil\/?page_id=17\",\"url\":\"https:\/\/tanzanya.fr\/accueil\/?page_id=17\",\"name\":\"Le berceau entreprise - Tanzanya\",\"isPartOf\":{\"@id\":\"https:\/\/tanzanya.fr\/accueil\/#website\"},\"primaryImageOfPage\":{\"@id\":\"https:\/\/tanzanya.fr\/accueil\/?page_id=17#primaryimage\"},\"image\":{\"@id\":\"https:\/\/tanzanya.fr\/accueil\/?page_id=17#primaryimage\"},\"thumbnailUrl\":\"https:\/\/tanzanya.fr\/wp-content\/uploads\/2024\/02\/Berceau-entreprise.png\",\"datePublished\":\"2024-01-31T17:01:59+00:00\",\"dateModified\":\"2024-04-03T17:59:00+00:00\",\"breadcrumb\":{\"@id\":\"https:\/\/tanzanya.fr\/accueil\/?page_id=17#breadcrumb\"},\"inLanguage\":\"fr-FR\",\"potentialAction\":[{\"@type\":\"ReadAction\",\"target\":[\"https:\/\/tanzanya.fr\/accueil\/?page_id=17\"]}]},{\"@type\":\"ImageObject\",\"inLanguage\":\"fr-FR\",\"@id\":\"https:\/\/tanzanya.fr\/accueil\/?page_id=17#primaryimage\",\"url\":\"https:\/\/tanzanya.fr\/wp-content\/uploads\/2024\/02\/Berceau-entreprise.png\",\"contentUrl\":\"https:\/\/tanzanya.fr\/wp-content\/uploads\/2024\/02\/Berceau-entreprise.png\"},{\"@type\":\"BreadcrumbList\",\"@id\":\"https:\/\/tanzanya.fr\/accueil\/?page_id=17#breadcrumb\",\"itemListElement\":[{\"@type\":\"ListItem\",\"position\":1,\"name\":\"Accueil\",\"item\":\"https:\/\/tanzanya.fr\/accueil\/\"},{\"@type\":\"ListItem\",\"position\":2,\"name\":\"Le berceau entreprise\"}]},{\"@type\":\"WebSite\",\"@id\":\"https:\/\/tanzanya.fr\/accueil\/#website\",\"url\":\"https:\/\/tanzanya.fr\/accueil\/\",\"name\":\"Tanzanya\",\"description\":\"Sp\u00e9cialiste de l&#039;accueil pour enfants \u00e2g\u00e9s de 10 mois \u00e0 3 ans. Capacit\u00e9 d&#039;accueil de 12 enfants.\",\"publisher\":{\"@id\":\"https:\/\/tanzanya.fr\/accueil\/#organization\"},\"potentialAction\":[{\"@type\":\"SearchAction\",\"target\":{\"@type\":\"EntryPoint\",\"urlTemplate\":\"https:\/\/tanzanya.fr\/accueil\/?s={search_term_string}\"},\"query-input\":{\"@type\":\"PropertyValueSpecification\",\"valueRequired\":true,\"valueName\":\"search_term_string\"}}],\"inLanguage\":\"fr-FR\"},{\"@type\":\"Organization\",\"@id\":\"https:\/\/tanzanya.fr\/accueil\/#organization\",\"name\":\"Tanzanya\",\"url\":\"https:\/\/tanzanya.fr\/accueil\/\",\"logo\":{\"@type\":\"ImageObject\",\"inLanguage\":\"fr-FR\",\"@id\":\"https:\/\/tanzanya.fr\/accueil\/#\/schema\/logo\/image\/\",\"url\":\"https:\/\/tanzanya.fr\/wp-content\/uploads\/2024\/03\/cropped-nouveau.png\",\"contentUrl\":\"https:\/\/tanzanya.fr\/wp-content\/uploads\/2024\/03\/cropped-nouveau.png\",\"width\":362,\"height\":410,\"caption\":\"Tanzanya\"},\"image\":{\"@id\":\"https:\/\/tanzanya.fr\/accueil\/#\/schema\/logo\/image\/\"}}]}<\/script>\n<!-- \/ Yoast SEO plugin. -->","yoast_head_json":{"title":"Le berceau entreprise - Tanzanya","robots":{"index":"index","follow":"follow","max-snippet":"max-snippet:-1","max-image-preview":"max-image-preview:large","max-video-preview":"max-video-preview:-1"},"canonical":"https:\/\/tanzanya.fr\/accueil\/?page_id=17","og_locale":"fr_FR","og_type":"article","og_title":"Le berceau entreprise - Tanzanya","og_description":"Le berceau entreprise En quoi consiste t-il? Le berceau entreprise est une place d&rsquo;accueil r\u00e9serv\u00e9e par l&rsquo;entreprise pour son\/ses salari\u00e9(s). L&rsquo;entreprise cotise annuellement pour une place permettant au salari\u00e9 de b\u00e9n\u00e9ficier d&rsquo;un tarif r\u00e9duit, similaire \u00e0 celui d&rsquo;une cr\u00e8che municipale tout en pr\u00e9servant le cadre d&rsquo;une cr\u00e8che priv\u00e9e. Pour le salari\u00e9 Sans compter le tarif [&hellip;]","og_url":"https:\/\/tanzanya.fr\/accueil\/?page_id=17","og_site_name":"Tanzanya","article_modified_time":"2024-04-03T17:59:00+00:00","og_image":[{"url":"https:\/\/tanzanya.fr\/wp-content\/uploads\/2024\/02\/Berceau-entreprise.png","type":"","width":"","height":""}],"twitter_card":"summary_large_image","twitter_misc":{"Dur\u00e9e de lecture estim\u00e9e":"2 minutes"},"schema":{"@context":"https:\/\/schema.org","@graph":[{"@type":"WebPage","@id":"https:\/\/tanzanya.fr\/accueil\/?page_id=17","url":"https:\/\/tanzanya.fr\/accueil\/?page_id=17","name":"Le berceau entreprise - Tanzanya","isPartOf":{"@id":"https:\/\/tanzanya.fr\/accueil\/#website"},"primaryImageOfPage":{"@id":"https:\/\/tanzanya.fr\/accueil\/?page_id=17#primaryimage"},"image":{"@id":"https:\/\/tanzanya.fr\/accueil\/?page_id=17#primaryimage"},"thumbnailUrl":"https:\/\/tanzanya.fr\/wp-content\/uploads\/2024\/02\/Berceau-entreprise.png","datePublished":"2024-01-31T17:01:59+00:00","dateModified":"2024-04-03T17:59:00+00:00","breadcrumb":{"@id":"https:\/\/tanzanya.fr\/accueil\/?page_id=17#breadcrumb"},"inLanguage":"fr-FR","potentialAction":[{"@type":"ReadAction","target":["https:\/\/tanzanya.fr\/accueil\/?page_id=17"]}]},{"@type":"ImageObject","inLanguage":"fr-FR","@id":"https:\/\/tanzanya.fr\/accueil\/?page_id=17#primaryimage","url":"https:\/\/tanzanya.fr\/wp-content\/uploads\/2024\/02\/Berceau-entreprise.png","contentUrl":"https:\/\/tanzanya.fr\/wp-content\/uploads\/2024\/02\/Berceau-entreprise.png"},{"@type":"BreadcrumbList","@id":"https:\/\/tanzanya.fr\/accueil\/?page_id=17#breadcrumb","itemListElement":[{"@type":"ListItem","position":1,"name":"Accueil","item":"https:\/\/tanzanya.fr\/accueil\/"},{"@type":"ListItem","position":2,"name":"Le berceau entreprise"}]},{"@type":"WebSite","@id":"https:\/\/tanzanya.fr\/accueil\/#website","url":"https:\/\/tanzanya.fr\/accueil\/","name":"Tanzanya","description":"Sp\u00e9cialiste de l&#039;accueil pour enfants \u00e2g\u00e9s de 10 mois \u00e0 3 ans. Capacit\u00e9 d&#039;accueil de 12 enfants.","publisher":{"@id":"https:\/\/tanzanya.fr\/accueil\/#organization"},"potentialAction":[{"@type":"SearchAction","target":{"@type":"EntryPoint","urlTemplate":"https:\/\/tanzanya.fr\/accueil\/?s={search_term_string}"},"query-input":{"@type":"PropertyValueSpecification","valueRequired":true,"valueName":"search_term_string"}}],"inLanguage":"fr-FR"},{"@type":"Organization","@id":"https:\/\/tanzanya.fr\/accueil\/#organization","name":"Tanzanya","url":"https:\/\/tanzanya.fr\/accueil\/","logo":{"@type":"ImageObject","inLanguage":"fr-FR","@id":"https:\/\/tanzanya.fr\/accueil\/#\/schema\/logo\/image\/","url":"https:\/\/tanzanya.fr\/wp-content\/uploads\/2024\/03\/cropped-nouveau.png","contentUrl":"https:\/\/tanzanya.fr\/wp-content\/uploads\/2024\/03\/cropped-nouveau.png","width":362,"height":410,"caption":"Tanzanya"},"image":{"@id":"https:\/\/tanzanya.fr\/accueil\/#\/schema\/logo\/image\/"}}]}},"_links":{"self":[{"href":"https:\/\/tanzanya.fr\/accueil\/index.php?rest_route=\/wp\/v2\/pages\/17"}],"collection":[{"href":"https:\/\/tanzanya.fr\/accueil\/index.php?rest_route=\/wp\/v2\/pages"}],"about":[{"href":"https:\/\/tanzanya.fr\/accueil\/index.php?rest_route=\/wp\/v2\/types\/page"}],"author":[{"embeddable":true,"href":"https:\/\/tanzanya.fr\/accueil\/index.php?rest_route=\/wp\/v2\/users\/1"}],"replies":[{"embeddable":true,"href":"https:\/\/tanzanya.fr\/accueil\/index.php?rest_route=%2Fwp%2Fv2%2Fcomments&post=17"}],"version-history":[{"count":164,"href":"https:\/\/tanzanya.fr\/accueil\/index.php?rest_route=\/wp\/v2\/pages\/17\/revisions"}],"predecessor-version":[{"id":1772,"href":"https:\/\/tanzanya.fr\/accueil\/index.php?rest_route=\/wp\/v2\/pages\/17\/revisions\/1772"}],"wp:attachment":[{"href":"https:\/\/tanzanya.fr\/accueil\/index.php?rest_route=%2Fwp%2Fv2%2Fmedia&parent=17"}],"curies":[{"name":"wp","href":"https:\/\/api.w.org\/{rel}","templated":true}]}}